{"id":1556,"date":"2024-06-05T07:55:19","date_gmt":"2024-06-05T07:55:19","guid":{"rendered":"https:\/\/www.kytider.com\/?post_type=product&#038;p=1556"},"modified":"2025-06-11T06:21:18","modified_gmt":"2025-06-11T06:21:18","slug":"valves","status":"publish","type":"product","link":"https:\/\/www.kytider.com\/es\/products\/valves\/","title":{"rendered":"V\u00e1lvula"},"content":{"rendered":"<p>Nuestras v\u00e1lvulas est\u00e1n disponibles con clasificaciones de presi\u00f3n que van desde 2,000 psi, 3,000 psi, 5,000 psi, 10,000 psi y 15,000 psi, con clases de materiales desde AA hasta FF, PSL1~4 y PR1~2. Est\u00e1n disponibles tanto la v\u00e1lvula de compuerta manual como la v\u00e1lvula de compuerta hidr\u00e1ulica, intercambiables con la serie Cameron.<\/p>","protected":false},"excerpt":{"rendered":"<p>La v\u00e1lvula tiene un papel importante en el sistema de control de la cabeza del pozo.<\/p>","protected":false},"featured_media":1790,"template":"","meta":[],"product_brand":[],"product_cat":[26],"product_tag":[],"class_list":{"0":"post-1556","1":"product","2":"type-product","3":"status-publish","4":"has-post-thumbnail","6":"product_cat-wellhead-equipment","8":"first","9":"instock","10":"shipping-taxable","11":"product-type-simple"},"_links":{"self":[{"href":"https:\/\/www.kytider.com\/es\/wp-json\/wp\/v2\/product\/1556","targetHints":{"allow":["GET"]}}],"collection":[{"href":"https:\/\/www.kytider.com\/es\/wp-json\/wp\/v2\/product"}],"about":[{"href":"https:\/\/www.kytider.com\/es\/wp-json\/wp\/v2\/types\/product"}],"wp:featuredmedia":[{"embeddable":true,"href":"https:\/\/www.kytider.com\/es\/wp-json\/wp\/v2\/media\/1790"}],"wp:attachment":[{"href":"https:\/\/www.kytider.com\/es\/wp-json\/wp\/v2\/media?parent=1556"}],"wp:term":[{"taxonomy":"product_brand","embeddable":true,"href":"https:\/\/www.kytider.com\/es\/wp-json\/wp\/v2\/product_brand?post=1556"},{"taxonomy":"product_cat","embeddable":true,"href":"https:\/\/www.kytider.com\/es\/wp-json\/wp\/v2\/product_cat?post=1556"},{"taxonomy":"product_tag","embeddable":true,"href":"https:\/\/www.kytider.com\/es\/wp-json\/wp\/v2\/product_tag?post=1556"}],"curies":[{"name":"wp","href":"https:\/\/api.w.org\/{rel}","templated":true}]}}