{"id":1568,"date":"2024-06-05T07:58:50","date_gmt":"2024-06-05T07:58:50","guid":{"rendered":"https:\/\/www.kytider.com\/?post_type=product&#038;p=1568"},"modified":"2025-06-11T06:25:50","modified_gmt":"2025-06-11T06:25:50","slug":"fracturing-hoses","status":"publish","type":"product","link":"https:\/\/www.kytider.com\/es\/products\/fracturing-hoses\/","title":{"rendered":"Manguera de fracturaci\u00f3n"},"content":{"rendered":"<p><strong>Estructura de la manguera:<\/strong><\/p>\n<p>(a) Revestimiento interior: Pol\u00edmero de caucho sint\u00e9tico negro resistente a la abrasi\u00f3n y a la corrosi\u00f3n \u00e1cida;<\/p>\n<p>(b) Indicador de desgaste interior: Capa de caucho antiabrasivo de color blanco;<\/p>\n<p>(c) Refuerzo para contener la presi\u00f3n: Capas de cable de acero de alta resistencia;<\/p>\n<p>(d) Resistencia al fuego: Capas de fibra de vidrio;<\/p>\n<p>(e) Indicador de desgaste exterior: Capa de caucho antiabrasivo de color rojo;<\/p>\n<p>(f) Cubierta de caucho: Caucho Neopreno retardante al fuego, resistente al envejecimiento, abrasi\u00f3n, intemperie, ozono y penetraci\u00f3n del aceite;<\/p>\n<p>(g) Vaina exterior: Protector espiral de pl\u00e1stico o envoltura exterior entrelazada en acero inoxidable disponible bajo pedido;<\/p>\n<p>(h) Conexi\u00f3n final: Materiales en acero aleado de alta resistencia; tipos de conexi\u00f3n como brida, uni\u00f3n martillo, cubo API6A, cubo grayloc, etc., seg\u00fan se solicite;<\/p>\n<p>whichever upon request;<\/p>\n<ul>\n<li>Fluido a transferir: Fluido para fracturaci\u00f3n, arena para fracturaci\u00f3n, HCL, CO2 l\u00edquido y otros;<\/li>\n<li>Rango de temperatura: -30\u2103 ~ 100\u2103<\/li>\n<\/ul>\n<p>&nbsp;<\/p>","protected":false},"excerpt":{"rendered":"<p>La manguera Fluidfrac se instala ya sea entre la cabeza del pozo y la plataforma de desv\u00edo, o entre la unidad de fracturaci\u00f3n y el colector, bombeando fluido que contiene arena de fracturaci\u00f3n y \u00e1cido en el pozo a alta velocidad, lo que provoca grietas en las rocas del reservorio. Las grietas permanecen abiertas con el apoyo del apuntalante, lo que mejora el acceso para el flujo de petr\u00f3leo y gas durante un largo per\u00edodo de tiempo.<\/p>","protected":false},"featured_media":1785,"template":"","meta":[],"product_brand":[],"product_cat":[26],"product_tag":[],"class_list":{"0":"post-1568","1":"product","2":"type-product","3":"status-publish","4":"has-post-thumbnail","6":"product_cat-wellhead-equipment","8":"first","9":"instock","10":"shipping-taxable","11":"product-type-simple"},"_links":{"self":[{"href":"https:\/\/www.kytider.com\/es\/wp-json\/wp\/v2\/product\/1568","targetHints":{"allow":["GET"]}}],"collection":[{"href":"https:\/\/www.kytider.com\/es\/wp-json\/wp\/v2\/product"}],"about":[{"href":"https:\/\/www.kytider.com\/es\/wp-json\/wp\/v2\/types\/product"}],"wp:featuredmedia":[{"embeddable":true,"href":"https:\/\/www.kytider.com\/es\/wp-json\/wp\/v2\/media\/1785"}],"wp:attachment":[{"href":"https:\/\/www.kytider.com\/es\/wp-json\/wp\/v2\/media?parent=1568"}],"wp:term":[{"taxonomy":"product_brand","embeddable":true,"href":"https:\/\/www.kytider.com\/es\/wp-json\/wp\/v2\/product_brand?post=1568"},{"taxonomy":"product_cat","embeddable":true,"href":"https:\/\/www.kytider.com\/es\/wp-json\/wp\/v2\/product_cat?post=1568"},{"taxonomy":"product_tag","embeddable":true,"href":"https:\/\/www.kytider.com\/es\/wp-json\/wp\/v2\/product_tag?post=1568"}],"curies":[{"name":"wp","href":"https:\/\/api.w.org\/{rel}","templated":true}]}}