{"id":1583,"date":"2024-06-05T08:25:25","date_gmt":"2024-06-05T08:25:25","guid":{"rendered":"https:\/\/www.kytider.com\/?post_type=product&#038;p=1583"},"modified":"2025-06-11T06:27:04","modified_gmt":"2025-06-11T06:27:04","slug":"frac-trees","status":"publish","type":"product","link":"https:\/\/www.kytider.com\/es\/products\/frac-trees\/","title":{"rendered":"\u00c1rbol de fracturaci\u00f3n"},"content":{"rendered":"<p>\u2022\t4-6 salidas laterales en la entrada de la cabeza de fracturaci\u00f3n para la disposici\u00f3n y conexi\u00f3n de tuber\u00edas.<\/p>\n<p>\u2022\tLa configuraci\u00f3n de las salidas reduce el impacto del flujo de gran desplazamiento sobre el equipo, extendiendo su vida \u00fatil. Utilizamos v\u00e1lvulas de compuerta Cameron FLS mejoradas en nuestros \u00e1rboles de fracturaci\u00f3n, asegurando un rendimiento duradero, confiable y seguro.<\/p>","protected":false},"excerpt":{"rendered":"<p>El \u00e1rbol de fracturaci\u00f3n o conjunto de fracturaci\u00f3n t\u00edpicamente consiste en v\u00e1lvulas maestras superior e inferior, cruz de flujo, v\u00e1lvulas de retorno, v\u00e1lvulas de bombeo, v\u00e1lvula de limpieza, cabeza de fracturaci\u00f3n\/cabeza de cabra, uniones tipo martillo y tapa del \u00e1rbol. Los \u00e1rboles de fracturaci\u00f3n generalmente tienen di\u00e1metros m\u00e1s grandes y clasificaciones de presi\u00f3n m\u00e1s altas que los \u00e1rboles de producci\u00f3n para acomodar los altos caudales y presiones necesarios para la fracturaci\u00f3n hidr\u00e1ulica.<\/p>","protected":false},"featured_media":1778,"template":"","meta":[],"product_brand":[],"product_cat":[26],"product_tag":[],"class_list":{"0":"post-1583","1":"product","2":"type-product","3":"status-publish","4":"has-post-thumbnail","6":"product_cat-wellhead-equipment","8":"first","9":"instock","10":"shipping-taxable","11":"product-type-simple"},"_links":{"self":[{"href":"https:\/\/www.kytider.com\/es\/wp-json\/wp\/v2\/product\/1583","targetHints":{"allow":["GET"]}}],"collection":[{"href":"https:\/\/www.kytider.com\/es\/wp-json\/wp\/v2\/product"}],"about":[{"href":"https:\/\/www.kytider.com\/es\/wp-json\/wp\/v2\/types\/product"}],"wp:featuredmedia":[{"embeddable":true,"href":"https:\/\/www.kytider.com\/es\/wp-json\/wp\/v2\/media\/1778"}],"wp:attachment":[{"href":"https:\/\/www.kytider.com\/es\/wp-json\/wp\/v2\/media?parent=1583"}],"wp:term":[{"taxonomy":"product_brand","embeddable":true,"href":"https:\/\/www.kytider.com\/es\/wp-json\/wp\/v2\/product_brand?post=1583"},{"taxonomy":"product_cat","embeddable":true,"href":"https:\/\/www.kytider.com\/es\/wp-json\/wp\/v2\/product_cat?post=1583"},{"taxonomy":"product_tag","embeddable":true,"href":"https:\/\/www.kytider.com\/es\/wp-json\/wp\/v2\/product_tag?post=1583"}],"curies":[{"name":"wp","href":"https:\/\/api.w.org\/{rel}","templated":true}]}}