{"id":1585,"date":"2024-06-05T08:28:39","date_gmt":"2024-06-05T08:28:39","guid":{"rendered":"https:\/\/www.kytider.com\/?post_type=product&#038;p=1585"},"modified":"2025-06-11T06:19:44","modified_gmt":"2025-06-11T06:19:44","slug":"frac-manifolds","status":"publish","type":"product","link":"https:\/\/www.kytider.com\/es\/products\/frac-manifolds\/","title":{"rendered":"colector de fracturaci\u00f3n"},"content":{"rendered":"<p>El sistema tiene muchas ventajas en comparaci\u00f3n con los tubos de fracturaci\u00f3n convencionales, incluyendo hasta un 75% menos de conectores, una conexi\u00f3n simplificada y una huella m\u00e1s peque\u00f1a. Utiliza bridas est\u00e1ndar de la industria con herramientas convencionales y valores de torque recomendados conocidos\u2014no se utilizan mazos, lo que minimiza el potencial de da\u00f1os por impacto. El di\u00e1metro mayor permite un mayor caudal mientras mitiga las velocidades erosivas del fluido. El sistema llega preensamblado al sitio del pozo, reduciendo los tiempos de montaje y desmontaje.<strong>\u00a0<\/strong><\/p>","protected":false},"excerpt":{"rendered":"<p>Un colector de fracturaci\u00f3n es una disposici\u00f3n de accesorios de flujo y v\u00e1lvulas instalados aguas abajo del cabezal de salida de la bomba de fracturaci\u00f3n y aguas arriba de cada \u00e1rbol de fracturaci\u00f3n que se est\u00e1 sirviendo. Los colectores de fracturaci\u00f3n modulares y flexibles pueden ensamblarse en muchas configuraciones posibles. Cada rama del colector puede alinearse verticalmente, horizontalmente o en cualquier \u00e1ngulo y t\u00edpicamente tendr\u00e1 una o dos v\u00e1lvulas de compuerta.<\/p>","protected":false},"featured_media":1773,"template":"","meta":[],"product_brand":[],"product_cat":[26],"product_tag":[],"class_list":{"0":"post-1585","1":"product","2":"type-product","3":"status-publish","4":"has-post-thumbnail","6":"product_cat-wellhead-equipment","8":"first","9":"instock","10":"shipping-taxable","11":"product-type-simple"},"_links":{"self":[{"href":"https:\/\/www.kytider.com\/es\/wp-json\/wp\/v2\/product\/1585","targetHints":{"allow":["GET"]}}],"collection":[{"href":"https:\/\/www.kytider.com\/es\/wp-json\/wp\/v2\/product"}],"about":[{"href":"https:\/\/www.kytider.com\/es\/wp-json\/wp\/v2\/types\/product"}],"wp:featuredmedia":[{"embeddable":true,"href":"https:\/\/www.kytider.com\/es\/wp-json\/wp\/v2\/media\/1773"}],"wp:attachment":[{"href":"https:\/\/www.kytider.com\/es\/wp-json\/wp\/v2\/media?parent=1585"}],"wp:term":[{"taxonomy":"product_brand","embeddable":true,"href":"https:\/\/www.kytider.com\/es\/wp-json\/wp\/v2\/product_brand?post=1585"},{"taxonomy":"product_cat","embeddable":true,"href":"https:\/\/www.kytider.com\/es\/wp-json\/wp\/v2\/product_cat?post=1585"},{"taxonomy":"product_tag","embeddable":true,"href":"https:\/\/www.kytider.com\/es\/wp-json\/wp\/v2\/product_tag?post=1585"}],"curies":[{"name":"wp","href":"https:\/\/api.w.org\/{rel}","templated":true}]}}