{"id":1586,"date":"2024-06-05T08:41:39","date_gmt":"2024-06-05T08:41:39","guid":{"rendered":"https:\/\/www.kytider.com\/?post_type=product&#038;p=1586"},"modified":"2025-06-11T06:18:24","modified_gmt":"2025-06-11T06:18:24","slug":"wellhead-christmas-trees","status":"publish","type":"product","link":"https:\/\/www.kytider.com\/es\/products\/wellhead-christmas-trees\/","title":{"rendered":"Cabeza de pozo y \u00e1rbol de Navidad"},"content":{"rendered":"<p>\u2022\tNuestras cabezas de pozo y \u00e1rboles de Navidad est\u00e1n dise\u00f1ados, fabricados y probados conforme a API 6A con un alto est\u00e1ndar de calidad como las cabezas de pozo FMC o GE.\n\u2022\tLas cabezas de pozo est\u00e1n disponibles en una clasificaci\u00f3n de presi\u00f3n de hasta 15,000 PSI, clases de materiales desde AA hasta FF, clases de temperatura desde L hasta V, niveles de especificaci\u00f3n del producto desde 1 hasta 4 y PR1 &amp; 2, y tambi\u00e9n cumplen con el est\u00e1ndar NACE MR0175.<\/p>\n<p>\u27a3 The wellheads are available in pressure rating up to 15,000PSI, material classes from AA through FF, temperature classes from L through V, product specification levels from 1 through 4 and PR1 &amp; 2, and also meet NACE Standard MR0175.<\/p>","protected":false},"excerpt":{"rendered":"<p>Kytider supplies high quality wellhead products, such as, christmas trees, casing head, tubing head, and other auxiliary equipments suitable for land and offshore applications to explore, develop and produce oil.<\/p>","protected":false},"featured_media":1767,"template":"","meta":[],"product_brand":[],"product_cat":[26],"product_tag":[],"class_list":{"0":"post-1586","1":"product","2":"type-product","3":"status-publish","4":"has-post-thumbnail","6":"product_cat-wellhead-equipment","8":"first","9":"instock","10":"shipping-taxable","11":"product-type-simple"},"_links":{"self":[{"href":"https:\/\/www.kytider.com\/es\/wp-json\/wp\/v2\/product\/1586","targetHints":{"allow":["GET"]}}],"collection":[{"href":"https:\/\/www.kytider.com\/es\/wp-json\/wp\/v2\/product"}],"about":[{"href":"https:\/\/www.kytider.com\/es\/wp-json\/wp\/v2\/types\/product"}],"wp:featuredmedia":[{"embeddable":true,"href":"https:\/\/www.kytider.com\/es\/wp-json\/wp\/v2\/media\/1767"}],"wp:attachment":[{"href":"https:\/\/www.kytider.com\/es\/wp-json\/wp\/v2\/media?parent=1586"}],"wp:term":[{"taxonomy":"product_brand","embeddable":true,"href":"https:\/\/www.kytider.com\/es\/wp-json\/wp\/v2\/product_brand?post=1586"},{"taxonomy":"product_cat","embeddable":true,"href":"https:\/\/www.kytider.com\/es\/wp-json\/wp\/v2\/product_cat?post=1586"},{"taxonomy":"product_tag","embeddable":true,"href":"https:\/\/www.kytider.com\/es\/wp-json\/wp\/v2\/product_tag?post=1586"}],"curies":[{"name":"wp","href":"https:\/\/api.w.org\/{rel}","templated":true}]}}