{"id":1587,"date":"2024-06-05T08:44:47","date_gmt":"2024-06-05T08:44:47","guid":{"rendered":"https:\/\/www.kytider.com\/?post_type=product&#038;p=1587"},"modified":"2024-06-19T03:03:41","modified_gmt":"2024-06-19T03:03:41","slug":"drilling-and-cementing-hose","status":"publish","type":"product","link":"https:\/\/www.kytider.com\/es\/products\/drilling-and-cementing-hose\/","title":{"rendered":"Manguera de perforaci\u00f3n y cementaci\u00f3n"},"content":{"rendered":"<p>Rango de temperatura: Temperatura ambiente -20\u2103~+121\u2103.<\/p>\n<p>Estructura:Tubo (revestimiento): Principalmente caucho sint\u00e9tico, con resistencia al aceite, resistencia a la abrasi\u00f3n y resistencia a \u00e1cidos y \u00e1lcalis. Refuerzo: 2-8 capas de espiral de alambre de acero de alta resistencia. Cubierta: Resistente al aceite, baja temperatura, resistente a la intemperie y antienvejecimiento.<\/p>\n<p>Tipo de acoplamiento: LP y TBG seg\u00fan la especificaci\u00f3n API 5B. Brida o clip seg\u00fan la especificaci\u00f3n API 6A.\nUni\u00f3n integral o uni\u00f3n martillo soldada. Tipo especial puede estar disponible seg\u00fan los requisitos del cliente.<\/p>\n<p>Est\u00e1ndar: API Spec 7K, API Spec 16C, API Spec 16D<\/p>","protected":false},"excerpt":{"rendered":"<p>Com\u00fanmente utilizada en servicios de perforaci\u00f3n, cementaci\u00f3n y reacondicionamiento como conexi\u00f3n flexible para el colector de lodo, colector de cemento, colector de estrangulamiento y matanza para transportar lodo a base de agua, lodo a base de aceite y fluido de lavado a alta presi\u00f3n en grandes vol\u00famenes, y tuber\u00eda de control hidr\u00e1ulico para el equipo de control del BOP.<\/p>","protected":false},"featured_media":1862,"template":"","meta":[],"product_brand":[],"product_cat":[27],"product_tag":[],"class_list":{"0":"post-1587","1":"product","2":"type-product","3":"status-publish","4":"has-post-thumbnail","6":"product_cat-well-control-equipment","8":"first","9":"instock","10":"shipping-taxable","11":"product-type-simple"},"_links":{"self":[{"href":"https:\/\/www.kytider.com\/es\/wp-json\/wp\/v2\/product\/1587","targetHints":{"allow":["GET"]}}],"collection":[{"href":"https:\/\/www.kytider.com\/es\/wp-json\/wp\/v2\/product"}],"about":[{"href":"https:\/\/www.kytider.com\/es\/wp-json\/wp\/v2\/types\/product"}],"wp:featuredmedia":[{"embeddable":true,"href":"https:\/\/www.kytider.com\/es\/wp-json\/wp\/v2\/media\/1862"}],"wp:attachment":[{"href":"https:\/\/www.kytider.com\/es\/wp-json\/wp\/v2\/media?parent=1587"}],"wp:term":[{"taxonomy":"product_brand","embeddable":true,"href":"https:\/\/www.kytider.com\/es\/wp-json\/wp\/v2\/product_brand?post=1587"},{"taxonomy":"product_cat","embeddable":true,"href":"https:\/\/www.kytider.com\/es\/wp-json\/wp\/v2\/product_cat?post=1587"},{"taxonomy":"product_tag","embeddable":true,"href":"https:\/\/www.kytider.com\/es\/wp-json\/wp\/v2\/product_tag?post=1587"}],"curies":[{"name":"wp","href":"https:\/\/api.w.org\/{rel}","templated":true}]}}