{"id":1589,"date":"2024-06-05T08:51:27","date_gmt":"2024-06-05T08:51:27","guid":{"rendered":"https:\/\/www.kytider.com\/?post_type=product&#038;p=1589"},"modified":"2024-06-19T02:58:56","modified_gmt":"2024-06-19T02:58:56","slug":"choke-kill-manifold","status":"publish","type":"product","link":"https:\/\/www.kytider.com\/es\/products\/choke-kill-manifold\/","title":{"rendered":"Colector de estrangulamiento y matanza"},"content":{"rendered":"<p>El colector consiste en v\u00e1lvulas de estrangulamiento, v\u00e1lvulas de compuerta, tuber\u00edas, accesorios, man\u00f3metros y otros componentes. Kytider suministra varios colectores de estrangulamiento desde 21\/16\u201d hasta 41\/16\u201d, con una presi\u00f3n de trabajo de 2,000 PSI a 20,000 PSI seg\u00fan API SPEC 16C \/6A.<\/p>","protected":false},"excerpt":{"rendered":"<p>El colector de estrangulamiento se adopta para ejecutar la nueva t\u00e9cnica de perforaci\u00f3n de pozos con presi\u00f3n equilibrada. El colector de estrangulamiento puede evitar la contaminaci\u00f3n del yacimiento petrol\u00edfero, mejorar la velocidad de perforaci\u00f3n y controlar efectivamente los reventones. El colector de matanza se utiliza principalmente para matar el pozo, prevenir incendios y ayudar en la extinci\u00f3n de incendios.<\/p>","protected":false},"featured_media":1857,"template":"","meta":[],"product_brand":[],"product_cat":[27],"product_tag":[],"class_list":{"0":"post-1589","1":"product","2":"type-product","3":"status-publish","4":"has-post-thumbnail","6":"product_cat-well-control-equipment","8":"first","9":"instock","10":"shipping-taxable","11":"product-type-simple"},"_links":{"self":[{"href":"https:\/\/www.kytider.com\/es\/wp-json\/wp\/v2\/product\/1589","targetHints":{"allow":["GET"]}}],"collection":[{"href":"https:\/\/www.kytider.com\/es\/wp-json\/wp\/v2\/product"}],"about":[{"href":"https:\/\/www.kytider.com\/es\/wp-json\/wp\/v2\/types\/product"}],"wp:featuredmedia":[{"embeddable":true,"href":"https:\/\/www.kytider.com\/es\/wp-json\/wp\/v2\/media\/1857"}],"wp:attachment":[{"href":"https:\/\/www.kytider.com\/es\/wp-json\/wp\/v2\/media?parent=1589"}],"wp:term":[{"taxonomy":"product_brand","embeddable":true,"href":"https:\/\/www.kytider.com\/es\/wp-json\/wp\/v2\/product_brand?post=1589"},{"taxonomy":"product_cat","embeddable":true,"href":"https:\/\/www.kytider.com\/es\/wp-json\/wp\/v2\/product_cat?post=1589"},{"taxonomy":"product_tag","embeddable":true,"href":"https:\/\/www.kytider.com\/es\/wp-json\/wp\/v2\/product_tag?post=1589"}],"curies":[{"name":"wp","href":"https:\/\/api.w.org\/{rel}","templated":true}]}}