{"id":1624,"date":"2024-06-06T00:38:20","date_gmt":"2024-06-06T00:38:20","guid":{"rendered":"https:\/\/www.kytider.com\/?post_type=product&#038;p=1624"},"modified":"2024-06-18T14:52:07","modified_gmt":"2024-06-18T14:52:07","slug":"high-pressure-flowline","status":"publish","type":"product","link":"https:\/\/www.kytider.com\/es\/products\/high-pressure-flowline\/","title":{"rendered":"High Pressure Flowline"},"content":{"rendered":"<p>Cada producto se somete a un estricto control de calidad y pruebas, cumpliendo con las normas internacionales, incluidas ASTM\/ASME. Cada producto tiene un n\u00famero \u00fanico rastreable para la gesti\u00f3n de calidad durante su ciclo de vida. Un kit de herramientas y un kit de reparaci\u00f3n est\u00e1n disponibles para adaptarse a cada producto y facilitar su mantenimiento. Adem\u00e1s de los productos est\u00e1ndar, tambi\u00e9n podemos ofrecer un servicio personalizado para satisfacer diversas necesidades del cliente.<\/p>","protected":false},"excerpt":{"rendered":"<p>Los productos de l\u00edneas de flujo son adecuados tanto para servicios est\u00e1ndar, de baja temperatura y corrosivos, incluyendo juntas giratorias, v\u00e1lvulas de tap\u00f3n, juntas pup integrales, accesorios integrales, v\u00e1lvulas de seguridad, v\u00e1lvulas de retenci\u00f3n, v\u00e1lvulas estranguladoras, lazos de manguera y giros en carrete. La presi\u00f3n m\u00e1xima es de hasta 20.000 psi.<\/p>","protected":false},"featured_media":1809,"template":"","meta":[],"product_brand":[],"product_cat":[28],"product_tag":[],"class_list":{"0":"post-1624","1":"product","2":"type-product","3":"status-publish","4":"has-post-thumbnail","6":"product_cat-flowline-products","8":"first","9":"instock","10":"shipping-taxable","11":"product-type-simple"},"_links":{"self":[{"href":"https:\/\/www.kytider.com\/es\/wp-json\/wp\/v2\/product\/1624","targetHints":{"allow":["GET"]}}],"collection":[{"href":"https:\/\/www.kytider.com\/es\/wp-json\/wp\/v2\/product"}],"about":[{"href":"https:\/\/www.kytider.com\/es\/wp-json\/wp\/v2\/types\/product"}],"wp:featuredmedia":[{"embeddable":true,"href":"https:\/\/www.kytider.com\/es\/wp-json\/wp\/v2\/media\/1809"}],"wp:attachment":[{"href":"https:\/\/www.kytider.com\/es\/wp-json\/wp\/v2\/media?parent=1624"}],"wp:term":[{"taxonomy":"product_brand","embeddable":true,"href":"https:\/\/www.kytider.com\/es\/wp-json\/wp\/v2\/product_brand?post=1624"},{"taxonomy":"product_cat","embeddable":true,"href":"https:\/\/www.kytider.com\/es\/wp-json\/wp\/v2\/product_cat?post=1624"},{"taxonomy":"product_tag","embeddable":true,"href":"https:\/\/www.kytider.com\/es\/wp-json\/wp\/v2\/product_tag?post=1624"}],"curies":[{"name":"wp","href":"https:\/\/api.w.org\/{rel}","templated":true}]}}