{"id":1626,"date":"2024-06-06T00:41:56","date_gmt":"2024-06-06T00:41:56","guid":{"rendered":"https:\/\/www.kytider.com\/?post_type=product&#038;p=1626"},"modified":"2024-06-18T14:42:51","modified_gmt":"2024-06-18T14:42:51","slug":"drill-collar","status":"publish","type":"product","link":"https:\/\/www.kytider.com\/es\/products\/drill-collar\/","title":{"rendered":"Collar\u00edn de perforaci\u00f3n"},"content":{"rendered":"<p>El equipo de primera clase puede garantizar todo el flujo del proceso y hacer que los procesos sean m\u00e1s eficientes, como el tratamiento t\u00e9rmico y la soldadura por fricci\u00f3n.<\/p>\n<p>\u27a3\u00a0Cumple con los requisitos internacionales de API 5DP, API 7G e ISO 9001;<\/p>\n<p>\u27a3\u00a0Los instrumentos de inspecci\u00f3n avanzados y estrictos pueden garantizar un producto de alta calidad con un rendimiento m\u00e1s estable.<\/p>","protected":false},"excerpt":{"rendered":"<p>El collar\u00edn de perforaci\u00f3n puede proporcionar soporte a la broca y aumentar la rigidez de la sarta de perforaci\u00f3n. Los collarines de perforaci\u00f3n se fabrican estrictamente de acuerdo con el est\u00e1ndar API Spec 7-1 con material AISI 4145 Mod. Suministramos collarines de perforaci\u00f3n lisos, collarines de perforaci\u00f3n en espiral, etc. El tama\u00f1o del collar\u00edn de perforaci\u00f3n que podemos proporcionar var\u00eda desde 3 1\/8 hasta 11 pulgadas. Tambi\u00e9n podemos proporcionar otros collarines de perforaci\u00f3n seg\u00fan las solicitudes espec\u00edficas de los clientes.<\/p>","protected":false},"featured_media":1805,"template":"","meta":[],"product_brand":[],"product_cat":[29],"product_tag":[],"class_list":{"0":"post-1626","1":"product","2":"type-product","3":"status-publish","4":"has-post-thumbnail","6":"product_cat-drilling-tools","8":"first","9":"instock","10":"shipping-taxable","11":"product-type-simple"},"_links":{"self":[{"href":"https:\/\/www.kytider.com\/es\/wp-json\/wp\/v2\/product\/1626","targetHints":{"allow":["GET"]}}],"collection":[{"href":"https:\/\/www.kytider.com\/es\/wp-json\/wp\/v2\/product"}],"about":[{"href":"https:\/\/www.kytider.com\/es\/wp-json\/wp\/v2\/types\/product"}],"wp:featuredmedia":[{"embeddable":true,"href":"https:\/\/www.kytider.com\/es\/wp-json\/wp\/v2\/media\/1805"}],"wp:attachment":[{"href":"https:\/\/www.kytider.com\/es\/wp-json\/wp\/v2\/media?parent=1626"}],"wp:term":[{"taxonomy":"product_brand","embeddable":true,"href":"https:\/\/www.kytider.com\/es\/wp-json\/wp\/v2\/product_brand?post=1626"},{"taxonomy":"product_cat","embeddable":true,"href":"https:\/\/www.kytider.com\/es\/wp-json\/wp\/v2\/product_cat?post=1626"},{"taxonomy":"product_tag","embeddable":true,"href":"https:\/\/www.kytider.com\/es\/wp-json\/wp\/v2\/product_tag?post=1626"}],"curies":[{"name":"wp","href":"https:\/\/api.w.org\/{rel}","templated":true}]}}