{"id":1642,"date":"2024-06-06T00:58:03","date_gmt":"2024-06-06T00:58:03","guid":{"rendered":"https:\/\/www.kytider.com\/?post_type=product&#038;p=1642"},"modified":"2024-06-18T14:36:25","modified_gmt":"2024-06-18T14:36:25","slug":"drill-pipe","status":"publish","type":"product","link":"https:\/\/www.kytider.com\/es\/products\/drill-pipe\/","title":{"rendered":"Tuber\u00eda de"},"content":{"rendered":"<p>\u27a3\u00a0Tuber\u00eda verde de alta calidad y proceso avanzado de tratamiento t\u00e9rmico - Alta resistencia y alta tenacidad (especialmente a bajas temperaturas);<\/p>\n<p>\u27a3 Cumple o excede los requisitos de API 5DP, API 7G, API Q1 e ISO 9001;<\/p>\n<p>\u27a3 Equipados con instrumentos de inspecci\u00f3n avanzados y un sistema de control de calidad estrictamente aplicado, los productos finales est\u00e1n garantizados para ser de calidad superior y estable;<\/p>\n<p>\u27a3\u00a0Gracias a nuestros t\u00e9cnicos profesionales y la flexibilidad del producto, somos capaces de cumplir con algunos requisitos especiales de los clientes.<\/p>","protected":false},"excerpt":{"rendered":"<p>Ofrecemos una l\u00ednea completa de tuber\u00edas de perforaci\u00f3n, incluyendo una gama completa de tuber\u00edas de perforaci\u00f3n con juntas en tama\u00f1os nominales desde 2-3\/8\u201d hasta 6-5\/8\u201d y en una amplia variedad de grosores de pared. Nuestras tuber\u00edas de perforaci\u00f3n pasan por un estricto r\u00e9gimen de control de calidad desde la selecci\u00f3n inicial de materiales hasta la inspecci\u00f3n final, asegurando que cada junta de tuber\u00eda de perforaci\u00f3n cumpla con sus necesidades de durabilidad y rendimiento.<\/p>","protected":false},"featured_media":1799,"template":"","meta":[],"product_brand":[],"product_cat":[29],"product_tag":[],"class_list":{"0":"post-1642","1":"product","2":"type-product","3":"status-publish","4":"has-post-thumbnail","6":"product_cat-drilling-tools","8":"first","9":"instock","10":"shipping-taxable","11":"product-type-simple"},"_links":{"self":[{"href":"https:\/\/www.kytider.com\/es\/wp-json\/wp\/v2\/product\/1642","targetHints":{"allow":["GET"]}}],"collection":[{"href":"https:\/\/www.kytider.com\/es\/wp-json\/wp\/v2\/product"}],"about":[{"href":"https:\/\/www.kytider.com\/es\/wp-json\/wp\/v2\/types\/product"}],"wp:featuredmedia":[{"embeddable":true,"href":"https:\/\/www.kytider.com\/es\/wp-json\/wp\/v2\/media\/1799"}],"wp:attachment":[{"href":"https:\/\/www.kytider.com\/es\/wp-json\/wp\/v2\/media?parent=1642"}],"wp:term":[{"taxonomy":"product_brand","embeddable":true,"href":"https:\/\/www.kytider.com\/es\/wp-json\/wp\/v2\/product_brand?post=1642"},{"taxonomy":"product_cat","embeddable":true,"href":"https:\/\/www.kytider.com\/es\/wp-json\/wp\/v2\/product_cat?post=1642"},{"taxonomy":"product_tag","embeddable":true,"href":"https:\/\/www.kytider.com\/es\/wp-json\/wp\/v2\/product_tag?post=1642"}],"curies":[{"name":"wp","href":"https:\/\/api.w.org\/{rel}","templated":true}]}}