{"id":1646,"date":"2024-06-06T01:10:00","date_gmt":"2024-06-06T01:10:00","guid":{"rendered":"https:\/\/www.kytider.com\/?post_type=product&#038;p=1646"},"modified":"2024-06-19T02:10:06","modified_gmt":"2024-06-19T02:10:06","slug":"line-pipe","status":"publish","type":"product","link":"https:\/\/www.kytider.com\/es\/products\/line-pipe\/","title":{"rendered":"Tuber\u00eda de l\u00ednea"},"content":{"rendered":"<p>\u27a3\u00a0La tuber\u00eda de l\u00ednea cumple con el est\u00e1ndar API 5L.<\/p>\n<p>\u27a3\u00a0Podemos suministrar todo tipo de tuber\u00edas utilizadas en los siguientes campos: transporte de fluidos de petr\u00f3leo y gas natural a media y alta presi\u00f3n; transporte de gas de carb\u00f3n, vapor de calefacci\u00f3n y agua caliente a baja y media presi\u00f3n; arquitectura de ingenier\u00eda, industria qu\u00edmica, ingenier\u00eda energ\u00e9tica; servicio en ambientes \u00e1cidos y marinos.<\/p>\n<p>\u27a3 Precio competitivo y fecha de entrega.<b><\/b><\/p>","protected":false},"excerpt":{"rendered":"<p>La tuber\u00eda de l\u00ednea se utiliza para transportar el petr\u00f3leo, gas o agua desde el suelo hasta las empresas industriales de petr\u00f3leo y gas a trav\u00e9s de la tuber\u00eda de l\u00ednea. La tuber\u00eda de l\u00ednea incluye 2 tipos: tuber\u00eda sin costura y tuber\u00eda soldada.<\/p>","protected":false},"featured_media":1828,"template":"","meta":[],"product_brand":[],"product_cat":[30],"product_tag":[],"class_list":{"0":"post-1646","1":"product","2":"type-product","3":"status-publish","4":"has-post-thumbnail","6":"product_cat-steel-pipe","8":"first","9":"instock","10":"shipping-taxable","11":"product-type-simple"},"_links":{"self":[{"href":"https:\/\/www.kytider.com\/es\/wp-json\/wp\/v2\/product\/1646","targetHints":{"allow":["GET"]}}],"collection":[{"href":"https:\/\/www.kytider.com\/es\/wp-json\/wp\/v2\/product"}],"about":[{"href":"https:\/\/www.kytider.com\/es\/wp-json\/wp\/v2\/types\/product"}],"wp:featuredmedia":[{"embeddable":true,"href":"https:\/\/www.kytider.com\/es\/wp-json\/wp\/v2\/media\/1828"}],"wp:attachment":[{"href":"https:\/\/www.kytider.com\/es\/wp-json\/wp\/v2\/media?parent=1646"}],"wp:term":[{"taxonomy":"product_brand","embeddable":true,"href":"https:\/\/www.kytider.com\/es\/wp-json\/wp\/v2\/product_brand?post=1646"},{"taxonomy":"product_cat","embeddable":true,"href":"https:\/\/www.kytider.com\/es\/wp-json\/wp\/v2\/product_cat?post=1646"},{"taxonomy":"product_tag","embeddable":true,"href":"https:\/\/www.kytider.com\/es\/wp-json\/wp\/v2\/product_tag?post=1646"}],"curies":[{"name":"wp","href":"https:\/\/api.w.org\/{rel}","templated":true}]}}