{"id":1648,"date":"2024-06-06T01:13:16","date_gmt":"2024-06-06T01:13:16","guid":{"rendered":"https:\/\/www.kytider.com\/?post_type=product&#038;p=1648"},"modified":"2024-06-19T02:06:19","modified_gmt":"2024-06-19T02:06:19","slug":"tubingcasing","status":"publish","type":"product","link":"https:\/\/www.kytider.com\/es\/products\/tubingcasing\/","title":{"rendered":"Tubos y revestimientos"},"content":{"rendered":"<p>\u27a3\u00a0La tuber\u00eda de revestimiento y la tuber\u00eda cumplen con los est\u00e1ndares API 5CT y API 5B.<\/p>\n<p>\u27a3 De acuerdo con los requisitos especiales de los clientes, podemos proporcionar productos de investigaci\u00f3n propia y ser agentes de varios productos altamente calificados de tipo especial de rosca y materiales especiales, como la serie resistente a la corrosi\u00f3n por tensi\u00f3n H2S, la serie resistente a la corrosi\u00f3n por CO2, la serie de alta resistencia al colapso y la serie para pozos profundos y ultra profundos.<\/p>\n<p>\u27a3 Precio competitivo y fecha de entrega.<\/p>","protected":false},"excerpt":{"rendered":"<p>Tubing: Tuber\u00eda colocada en un pozo para producir o inyectar fluidos.\nCasing: Tuber\u00eda instalada desde la superficie y destinada a revestir las paredes de un pozo perforado.<\/p>","protected":false},"featured_media":1823,"template":"","meta":[],"product_brand":[],"product_cat":[30],"product_tag":[],"class_list":{"0":"post-1648","1":"product","2":"type-product","3":"status-publish","4":"has-post-thumbnail","6":"product_cat-steel-pipe","8":"first","9":"instock","10":"shipping-taxable","11":"product-type-simple"},"_links":{"self":[{"href":"https:\/\/www.kytider.com\/es\/wp-json\/wp\/v2\/product\/1648","targetHints":{"allow":["GET"]}}],"collection":[{"href":"https:\/\/www.kytider.com\/es\/wp-json\/wp\/v2\/product"}],"about":[{"href":"https:\/\/www.kytider.com\/es\/wp-json\/wp\/v2\/types\/product"}],"wp:featuredmedia":[{"embeddable":true,"href":"https:\/\/www.kytider.com\/es\/wp-json\/wp\/v2\/media\/1823"}],"wp:attachment":[{"href":"https:\/\/www.kytider.com\/es\/wp-json\/wp\/v2\/media?parent=1648"}],"wp:term":[{"taxonomy":"product_brand","embeddable":true,"href":"https:\/\/www.kytider.com\/es\/wp-json\/wp\/v2\/product_brand?post=1648"},{"taxonomy":"product_cat","embeddable":true,"href":"https:\/\/www.kytider.com\/es\/wp-json\/wp\/v2\/product_cat?post=1648"},{"taxonomy":"product_tag","embeddable":true,"href":"https:\/\/www.kytider.com\/es\/wp-json\/wp\/v2\/product_tag?post=1648"}],"curies":[{"name":"wp","href":"https:\/\/api.w.org\/{rel}","templated":true}]}}