{"id":1650,"date":"2024-06-06T01:16:06","date_gmt":"2024-06-06T01:16:06","guid":{"rendered":"https:\/\/www.kytider.com\/?post_type=product&#038;p=1650"},"modified":"2024-07-02T09:23:52","modified_gmt":"2024-07-02T09:23:52","slug":"test-instrument-for-drilling-cementing","status":"publish","type":"product","link":"https:\/\/www.kytider.com\/es\/products\/test-instrument-for-drilling-cementing\/","title":{"rendered":"Instrumento de prueba para perforaci\u00f3n y cementaci\u00f3n"},"content":{"rendered":"<p>La empresa tiene una fuerte competencia t\u00e9cnica, l\u00edneas de producci\u00f3n de \u00faltima generaci\u00f3n, un sistema completo de I+D y un equipo profesional de servicio postventa. Nuestro servicio completo incluye: instalaci\u00f3n y prueba de instrumentos, capacitaci\u00f3n en operaci\u00f3n y mantenimiento de instrumentos, soporte t\u00e9cnico postventa y servicio de soporte para productos de la misma industria. Somos mejor conocidos en la industria petrolera como pioneros en el desarrollo y fabricaci\u00f3n de equipos para pruebas de cemento en campos petrol\u00edferos. Adem\u00e1s, muchos otros instrumentos de laboratorio se fabrican en nuestra f\u00e1brica. Otros tipos de instrumentaci\u00f3n de laboratorio para campos petrol\u00edferos dise\u00f1ados y fabricados en nuestras instalaciones incluyen mezcladores, re\u00f3metros, celdas de p\u00e9rdida de fluido, probadores de corrosi\u00f3n y probadores de resistencia a la compresi\u00f3n.<\/p>","protected":false},"excerpt":{"rendered":"<p>Los instrumentos de prueba para campos petrol\u00edferos son un portafolio completo de instrumentos especificados por API e ISO para probar las propiedades clave de rendimiento de los cementos para pozos de petr\u00f3leo.<\/p>","protected":false},"featured_media":1835,"template":"","meta":[],"product_brand":[],"product_cat":[31],"product_tag":[],"class_list":{"0":"post-1650","1":"product","2":"type-product","3":"status-publish","4":"has-post-thumbnail","6":"product_cat-oilfield-test-instrument","8":"first","9":"instock","10":"shipping-taxable","11":"product-type-simple"},"_links":{"self":[{"href":"https:\/\/www.kytider.com\/es\/wp-json\/wp\/v2\/product\/1650","targetHints":{"allow":["GET"]}}],"collection":[{"href":"https:\/\/www.kytider.com\/es\/wp-json\/wp\/v2\/product"}],"about":[{"href":"https:\/\/www.kytider.com\/es\/wp-json\/wp\/v2\/types\/product"}],"wp:featuredmedia":[{"embeddable":true,"href":"https:\/\/www.kytider.com\/es\/wp-json\/wp\/v2\/media\/1835"}],"wp:attachment":[{"href":"https:\/\/www.kytider.com\/es\/wp-json\/wp\/v2\/media?parent=1650"}],"wp:term":[{"taxonomy":"product_brand","embeddable":true,"href":"https:\/\/www.kytider.com\/es\/wp-json\/wp\/v2\/product_brand?post=1650"},{"taxonomy":"product_cat","embeddable":true,"href":"https:\/\/www.kytider.com\/es\/wp-json\/wp\/v2\/product_cat?post=1650"},{"taxonomy":"product_tag","embeddable":true,"href":"https:\/\/www.kytider.com\/es\/wp-json\/wp\/v2\/product_tag?post=1650"}],"curies":[{"name":"wp","href":"https:\/\/api.w.org\/{rel}","templated":true}]}}