{"id":1652,"date":"2024-06-06T01:18:32","date_gmt":"2024-06-06T01:18:32","guid":{"rendered":"https:\/\/www.kytider.com\/?post_type=product&#038;p=1652"},"modified":"2024-07-02T09:25:22","modified_gmt":"2024-07-02T09:25:22","slug":"oilfield-chemical-additives","status":"publish","type":"product","link":"https:\/\/www.kytider.com\/es\/products\/oilfield-chemical-additives\/","title":{"rendered":"Aditivos qu\u00edmicos para campos petrol\u00edferos"},"content":{"rendered":"<p>La f\u00e1brica est\u00e1 equipada con el equipo experimental completo y mejora las propiedades del producto para satisfacer las necesidades de aplicaci\u00f3n de cementaci\u00f3n y trabajo de diferentes clientes, tales como capacidad de resistencia a la temperatura, anti-sal, suspensi\u00f3n, agua aplicable y anticongelante.<\/p>","protected":false},"excerpt":{"rendered":"<p>Los productos qu\u00edmicos para campos petrol\u00edferos se refieren a los productos qu\u00edmicos que se utilizan en los procesos de perforaci\u00f3n, terminaci\u00f3n, recuperaci\u00f3n de petr\u00f3leo, inyecci\u00f3n de agua y recuperaci\u00f3n mejorada de petr\u00f3leo. Hay muchos tipos de productos qu\u00edmicos para campos petrol\u00edferos y muchos m\u00e9todos de clasificaci\u00f3n. Seg\u00fan el est\u00e1ndar de c\u00f3digos para productos qu\u00edmicos utilizados en yacimientos de petr\u00f3leo y gas natural, los productos qu\u00edmicos para campos petrol\u00edferos pueden dividirse en cuatro categor\u00edas: productos qu\u00edmicos b\u00e1sicos, productos qu\u00edmicos para perforaci\u00f3n, productos qu\u00edmicos para cementaci\u00f3n y productos qu\u00edmicos para fracturaci\u00f3n y acidificaci\u00f3n, entre otros.<\/p>","protected":false},"featured_media":1813,"template":"","meta":[],"product_brand":[],"product_cat":[32],"product_tag":[],"class_list":{"0":"post-1652","1":"product","2":"type-product","3":"status-publish","4":"has-post-thumbnail","6":"product_cat-oilfield-chemical-additives","8":"first","9":"instock","10":"shipping-taxable","11":"product-type-simple"},"_links":{"self":[{"href":"https:\/\/www.kytider.com\/es\/wp-json\/wp\/v2\/product\/1652","targetHints":{"allow":["GET"]}}],"collection":[{"href":"https:\/\/www.kytider.com\/es\/wp-json\/wp\/v2\/product"}],"about":[{"href":"https:\/\/www.kytider.com\/es\/wp-json\/wp\/v2\/types\/product"}],"wp:featuredmedia":[{"embeddable":true,"href":"https:\/\/www.kytider.com\/es\/wp-json\/wp\/v2\/media\/1813"}],"wp:attachment":[{"href":"https:\/\/www.kytider.com\/es\/wp-json\/wp\/v2\/media?parent=1652"}],"wp:term":[{"taxonomy":"product_brand","embeddable":true,"href":"https:\/\/www.kytider.com\/es\/wp-json\/wp\/v2\/product_brand?post=1652"},{"taxonomy":"product_cat","embeddable":true,"href":"https:\/\/www.kytider.com\/es\/wp-json\/wp\/v2\/product_cat?post=1652"},{"taxonomy":"product_tag","embeddable":true,"href":"https:\/\/www.kytider.com\/es\/wp-json\/wp\/v2\/product_tag?post=1652"}],"curies":[{"name":"wp","href":"https:\/\/api.w.org\/{rel}","templated":true}]}}