{"id":2093,"date":"2024-08-05T13:40:03","date_gmt":"2024-08-05T13:40:03","guid":{"rendered":"https:\/\/www.kytider.com\/?post_type=product&#038;p=2093"},"modified":"2025-06-11T06:16:38","modified_gmt":"2025-06-11T06:16:38","slug":"frac-valve-1","status":"publish","type":"product","link":"https:\/\/www.kytider.com\/es\/products\/frac-valve-1\/","title":{"rendered":"V\u00e1lvula de fracturaci\u00f3n"},"content":{"rendered":"<p>Mejore la rentabilidad<\/p>\n<p>La nueva v\u00e1lvula elimina la necesidad de engrase durante la fracturaci\u00f3n.<\/p>\n<p>El dise\u00f1o de cavidad m\u00e1s peque\u00f1a del cuerpo reduce la grasa operativa en la v\u00e1lvula.<\/p>\n<p>Elimine la necesidad de unidades de engrase costosas, colectores y mangueras en el sitio.<\/p>\n<p>Elimine la necesidad de t\u00e9cnicos de servicio en el sitio para engrasar v\u00e1lvulas tradicionales.<\/p>","protected":false},"excerpt":{"rendered":"<p>La v\u00e1lvula de fracturaci\u00f3n fue dise\u00f1ada para aplicaciones de fracturaci\u00f3n de alta presi\u00f3n y gran calibre. La nueva caracter\u00edstica \"sin grasa\" permite operaciones de fracturaci\u00f3n sin grasa, al mismo tiempo que elimina la intrusi\u00f3n de arena y part\u00edculas. El nuevo dise\u00f1o reduce las reparaciones, elimina el tiempo no productivo (NPT) y extiende la vida \u00fatil de su v\u00e1lvula.<\/p>","protected":false},"featured_media":2101,"template":"","meta":[],"product_brand":[],"product_cat":[26],"product_tag":[],"class_list":{"0":"post-2093","1":"product","2":"type-product","3":"status-publish","4":"has-post-thumbnail","6":"product_cat-wellhead-equipment","8":"first","9":"instock","10":"shipping-taxable","11":"product-type-simple"},"_links":{"self":[{"href":"https:\/\/www.kytider.com\/es\/wp-json\/wp\/v2\/product\/2093","targetHints":{"allow":["GET"]}}],"collection":[{"href":"https:\/\/www.kytider.com\/es\/wp-json\/wp\/v2\/product"}],"about":[{"href":"https:\/\/www.kytider.com\/es\/wp-json\/wp\/v2\/types\/product"}],"wp:featuredmedia":[{"embeddable":true,"href":"https:\/\/www.kytider.com\/es\/wp-json\/wp\/v2\/media\/2101"}],"wp:attachment":[{"href":"https:\/\/www.kytider.com\/es\/wp-json\/wp\/v2\/media?parent=2093"}],"wp:term":[{"taxonomy":"product_brand","embeddable":true,"href":"https:\/\/www.kytider.com\/es\/wp-json\/wp\/v2\/product_brand?post=2093"},{"taxonomy":"product_cat","embeddable":true,"href":"https:\/\/www.kytider.com\/es\/wp-json\/wp\/v2\/product_cat?post=2093"},{"taxonomy":"product_tag","embeddable":true,"href":"https:\/\/www.kytider.com\/es\/wp-json\/wp\/v2\/product_tag?post=2093"}],"curies":[{"name":"wp","href":"https:\/\/api.w.org\/{rel}","templated":true}]}}