{"id":1568,"date":"2024-06-05T07:58:50","date_gmt":"2024-06-05T07:58:50","guid":{"rendered":"https:\/\/www.kytider.com\/?post_type=product&#038;p=1568"},"modified":"2025-06-11T06:25:50","modified_gmt":"2025-06-11T06:25:50","slug":"fracturing-hoses","status":"publish","type":"product","link":"https:\/\/www.kytider.com\/pt\/products\/fracturing-hoses\/","title":{"rendered":"Mangueira de fraturamento"},"content":{"rendered":"<p><strong>Estrutura da mangueira:<\/strong><\/p>\n<p>(a) Revestimento interno: Pol\u00edmero de borracha sint\u00e9tica preta resistente \u00e0 abras\u00e3o e \u00e0 corros\u00e3o \u00e1cida;<\/p>\n<p>(b) Indica\u00e7\u00e3o de desgaste interno: Camada de borracha antiabrasiva de cor branca;<\/p>\n<p>(c) Refor\u00e7o para conten\u00e7\u00e3o de press\u00e3o: Camadas de cabos de a\u00e7o de alta resist\u00eancia;<\/p>\n<p>(d) Resist\u00eancia ao fogo: Camadas de fibra de vidro;<\/p>\n<p>(e) Indica\u00e7\u00e3o de desgaste externo: Camada de borracha antiabrasiva de cor vermelha;<\/p>\n<p>(f) Cobertura de borracha: Borracha neoprene retardante ao fogo, resistente ao envelhecimento, abras\u00e3o, intemp\u00e9ries, oz\u00f4nio e penetra\u00e7\u00e3o de \u00f3leo;<\/p>\n<p>(g) Bainha externa: Protetor espiral em pl\u00e1stico ou revestimento externo intertravado em a\u00e7o inoxid\u00e1vel dispon\u00edvel sob solicita\u00e7\u00e3o;<\/p>\n<p>(h) Conex\u00e3o final: Materiais em a\u00e7o liga de alta resist\u00eancia; tipos de conex\u00e3o como flange, uni\u00e3o martelo, cubo API6A, cubo grayloc, etc., conforme solicitado;<\/p>\n<p>whichever upon request;<\/p>\n<ul>\n<li>Fluido a ser transferido: Fluido para fraturamento, areia para fraturamento, HCL, CO2 l\u00edquido e outros;<\/li>\n<li>Faixa de temperatura: -30\u2103 ~ 100\u2103<\/li>\n<\/ul>\n<p>&nbsp;<\/p>","protected":false},"excerpt":{"rendered":"<p>A mangueira Fluidfrac \u00e9 instalada entre a cabe\u00e7a do po\u00e7o e a plataforma de desvio, ou entre a unidade de fraturamento e o coletor, bombeando fluido contendo areia de fraturamento e \u00e1cido no po\u00e7o em alta velocidade, o que causa fissuras nas rochas do reservat\u00f3rio. As fissuras permanecem abertas com o suporte do agente de sustenta\u00e7\u00e3o (proppant), melhorando assim o acesso para o fluxo de \u00f3leo e g\u00e1s por um longo per\u00edodo de tempo.<\/p>","protected":false},"featured_media":1785,"template":"","meta":[],"product_brand":[],"product_cat":[26],"product_tag":[],"class_list":{"0":"post-1568","1":"product","2":"type-product","3":"status-publish","4":"has-post-thumbnail","6":"product_cat-wellhead-equipment","8":"first","9":"instock","10":"shipping-taxable","11":"product-type-simple"},"_links":{"self":[{"href":"https:\/\/www.kytider.com\/pt\/wp-json\/wp\/v2\/product\/1568","targetHints":{"allow":["GET"]}}],"collection":[{"href":"https:\/\/www.kytider.com\/pt\/wp-json\/wp\/v2\/product"}],"about":[{"href":"https:\/\/www.kytider.com\/pt\/wp-json\/wp\/v2\/types\/product"}],"wp:featuredmedia":[{"embeddable":true,"href":"https:\/\/www.kytider.com\/pt\/wp-json\/wp\/v2\/media\/1785"}],"wp:attachment":[{"href":"https:\/\/www.kytider.com\/pt\/wp-json\/wp\/v2\/media?parent=1568"}],"wp:term":[{"taxonomy":"product_brand","embeddable":true,"href":"https:\/\/www.kytider.com\/pt\/wp-json\/wp\/v2\/product_brand?post=1568"},{"taxonomy":"product_cat","embeddable":true,"href":"https:\/\/www.kytider.com\/pt\/wp-json\/wp\/v2\/product_cat?post=1568"},{"taxonomy":"product_tag","embeddable":true,"href":"https:\/\/www.kytider.com\/pt\/wp-json\/wp\/v2\/product_tag?post=1568"}],"curies":[{"name":"wp","href":"https:\/\/api.w.org\/{rel}","templated":true}]}}