{"id":1583,"date":"2024-06-05T08:25:25","date_gmt":"2024-06-05T08:25:25","guid":{"rendered":"https:\/\/www.kytider.com\/?post_type=product&#038;p=1583"},"modified":"2025-06-11T06:27:04","modified_gmt":"2025-06-11T06:27:04","slug":"frac-trees","status":"publish","type":"product","link":"https:\/\/www.kytider.com\/pt\/products\/frac-trees\/","title":{"rendered":"\u00c1rvore de fraturamento"},"content":{"rendered":"<p>\u2022\t4-6 sa\u00eddas laterais na entrada da cabe\u00e7a de fraturamento para a disposi\u00e7\u00e3o e conex\u00e3o de tubula\u00e7\u00f5es.<\/p>\n<p>\u2022\tA configura\u00e7\u00e3o das sa\u00eddas reduz o impacto do fluxo de grande deslocamento no equipamento, prolongando sua vida \u00fatil. Utilizamos v\u00e1lvulas de gaveta Cameron FLS aprimoradas em nossas \u00e1rvores de fraturamento, garantindo um desempenho duradouro, confi\u00e1vel e seguro.<\/p>","protected":false},"excerpt":{"rendered":"<p>O \u00e1rvore de fraturamento ou conjunto de fraturamento tipicamente consiste em v\u00e1lvulas mestras superiores e inferiores, cruz de fluxo, v\u00e1lvulas de retorno, v\u00e1lvulas de bombeamento, v\u00e1lvula de limpeza, cabe\u00e7a de fraturamento\/cabe\u00e7a de cabra, uni\u00f5es martelo e tampa do \u00e1rvore. As \u00e1rvores de fraturamento geralmente t\u00eam di\u00e2metros maiores e classifica\u00e7\u00f5es de press\u00e3o mais altas do que as \u00e1rvores de produ\u00e7\u00e3o para acomodar as altas taxas de fluxo e press\u00f5es necess\u00e1rias para a fratura\u00e7\u00e3o hidr\u00e1ulica.<\/p>","protected":false},"featured_media":1778,"template":"","meta":[],"product_brand":[],"product_cat":[26],"product_tag":[],"class_list":{"0":"post-1583","1":"product","2":"type-product","3":"status-publish","4":"has-post-thumbnail","6":"product_cat-wellhead-equipment","8":"first","9":"instock","10":"shipping-taxable","11":"product-type-simple"},"_links":{"self":[{"href":"https:\/\/www.kytider.com\/pt\/wp-json\/wp\/v2\/product\/1583","targetHints":{"allow":["GET"]}}],"collection":[{"href":"https:\/\/www.kytider.com\/pt\/wp-json\/wp\/v2\/product"}],"about":[{"href":"https:\/\/www.kytider.com\/pt\/wp-json\/wp\/v2\/types\/product"}],"wp:featuredmedia":[{"embeddable":true,"href":"https:\/\/www.kytider.com\/pt\/wp-json\/wp\/v2\/media\/1778"}],"wp:attachment":[{"href":"https:\/\/www.kytider.com\/pt\/wp-json\/wp\/v2\/media?parent=1583"}],"wp:term":[{"taxonomy":"product_brand","embeddable":true,"href":"https:\/\/www.kytider.com\/pt\/wp-json\/wp\/v2\/product_brand?post=1583"},{"taxonomy":"product_cat","embeddable":true,"href":"https:\/\/www.kytider.com\/pt\/wp-json\/wp\/v2\/product_cat?post=1583"},{"taxonomy":"product_tag","embeddable":true,"href":"https:\/\/www.kytider.com\/pt\/wp-json\/wp\/v2\/product_tag?post=1583"}],"curies":[{"name":"wp","href":"https:\/\/api.w.org\/{rel}","templated":true}]}}