{"id":1585,"date":"2024-06-05T08:28:39","date_gmt":"2024-06-05T08:28:39","guid":{"rendered":"https:\/\/www.kytider.com\/?post_type=product&#038;p=1585"},"modified":"2025-06-11T06:19:44","modified_gmt":"2025-06-11T06:19:44","slug":"frac-manifolds","status":"publish","type":"product","link":"https:\/\/www.kytider.com\/pt\/products\/frac-manifolds\/","title":{"rendered":"coletor de fraturamento"},"content":{"rendered":"<p>O sistema possui muitas vantagens em compara\u00e7\u00e3o com os tubos de fraturamento convencionais, incluindo at\u00e9 75% menos conectores, uma conex\u00e3o simplificada e uma pegada menor. Ele utiliza flanges padr\u00e3o da ind\u00fastria com ferramentas convencionais e valores de torque recomendados conhecidos \u2014 n\u00e3o s\u00e3o usados martelos pesados, minimizando o potencial de danos por impacto. O di\u00e2metro maior permite uma taxa de fluxo aumentada enquanto mitiga as velocidades erosivas do fluido. O sistema chega pr\u00e9-montado ao local do po\u00e7o, reduzindo os tempos de montagem e desmontagem.<strong>\u00a0<\/strong><\/p>","protected":false},"excerpt":{"rendered":"<p>Um coletor de fraturamento \u00e9 uma disposi\u00e7\u00e3o de acess\u00f3rios de fluxo e v\u00e1lvulas instalados a jusante do cabe\u00e7alho de sa\u00edda da bomba de fraturamento e a montante de cada \u00e1rvore de fraturamento que est\u00e1 sendo atendida. Coletores de fraturamento modulares e flex\u00edveis podem ser montados em v\u00e1rias configura\u00e7\u00f5es poss\u00edveis. Cada ramifica\u00e7\u00e3o do coletor pode ser alinhada verticalmente, horizontalmente ou em qualquer \u00e2ngulo e geralmente ter\u00e1 uma ou duas v\u00e1lvulas de gaveta.<\/p>","protected":false},"featured_media":1773,"template":"","meta":[],"product_brand":[],"product_cat":[26],"product_tag":[],"class_list":{"0":"post-1585","1":"product","2":"type-product","3":"status-publish","4":"has-post-thumbnail","6":"product_cat-wellhead-equipment","8":"first","9":"instock","10":"shipping-taxable","11":"product-type-simple"},"_links":{"self":[{"href":"https:\/\/www.kytider.com\/pt\/wp-json\/wp\/v2\/product\/1585","targetHints":{"allow":["GET"]}}],"collection":[{"href":"https:\/\/www.kytider.com\/pt\/wp-json\/wp\/v2\/product"}],"about":[{"href":"https:\/\/www.kytider.com\/pt\/wp-json\/wp\/v2\/types\/product"}],"wp:featuredmedia":[{"embeddable":true,"href":"https:\/\/www.kytider.com\/pt\/wp-json\/wp\/v2\/media\/1773"}],"wp:attachment":[{"href":"https:\/\/www.kytider.com\/pt\/wp-json\/wp\/v2\/media?parent=1585"}],"wp:term":[{"taxonomy":"product_brand","embeddable":true,"href":"https:\/\/www.kytider.com\/pt\/wp-json\/wp\/v2\/product_brand?post=1585"},{"taxonomy":"product_cat","embeddable":true,"href":"https:\/\/www.kytider.com\/pt\/wp-json\/wp\/v2\/product_cat?post=1585"},{"taxonomy":"product_tag","embeddable":true,"href":"https:\/\/www.kytider.com\/pt\/wp-json\/wp\/v2\/product_tag?post=1585"}],"curies":[{"name":"wp","href":"https:\/\/api.w.org\/{rel}","templated":true}]}}