{"id":1586,"date":"2024-06-05T08:41:39","date_gmt":"2024-06-05T08:41:39","guid":{"rendered":"https:\/\/www.kytider.com\/?post_type=product&#038;p=1586"},"modified":"2025-06-11T06:18:24","modified_gmt":"2025-06-11T06:18:24","slug":"wellhead-christmas-trees","status":"publish","type":"product","link":"https:\/\/www.kytider.com\/pt\/products\/wellhead-christmas-trees\/","title":{"rendered":"Cabe\u00e7a de po\u00e7o e \u00e1rvore de Natal"},"content":{"rendered":"<p>\u2022\tNossas cabe\u00e7as de po\u00e7o e \u00e1rvores de natal s\u00e3o projetadas, fabricadas e testadas em conformidade com a API 6A, com um padr\u00e3o de alta qualidade, assim como as cabe\u00e7as de po\u00e7o da FMC ou da GE.\n\u2022\t As cabe\u00e7as de po\u00e7o est\u00e3o dispon\u00edveis em classifica\u00e7\u00f5es de press\u00e3o at\u00e9 15.000 PSI, classes de materiais de AA a FF, classes de temperatura de L a V, n\u00edveis de especifica\u00e7\u00e3o do produto de 1 a 4 e PR1 &amp; 2, e tamb\u00e9m atendem ao Padr\u00e3o NACE MR0175.<\/p>\n<p>\u27a3 The wellheads are available in pressure rating up to 15,000PSI, material classes from AA through FF, temperature classes from L through V, product specification levels from 1 through 4 and PR1 &amp; 2, and also meet NACE Standard MR0175.<\/p>","protected":false},"excerpt":{"rendered":"<p>Kytider supplies high quality wellhead products, such as, christmas trees, casing head, tubing head, and other auxiliary equipments suitable for land and offshore applications to explore, develop and produce oil.<\/p>","protected":false},"featured_media":1767,"template":"","meta":[],"product_brand":[],"product_cat":[26],"product_tag":[],"class_list":{"0":"post-1586","1":"product","2":"type-product","3":"status-publish","4":"has-post-thumbnail","6":"product_cat-wellhead-equipment","8":"first","9":"instock","10":"shipping-taxable","11":"product-type-simple"},"_links":{"self":[{"href":"https:\/\/www.kytider.com\/pt\/wp-json\/wp\/v2\/product\/1586","targetHints":{"allow":["GET"]}}],"collection":[{"href":"https:\/\/www.kytider.com\/pt\/wp-json\/wp\/v2\/product"}],"about":[{"href":"https:\/\/www.kytider.com\/pt\/wp-json\/wp\/v2\/types\/product"}],"wp:featuredmedia":[{"embeddable":true,"href":"https:\/\/www.kytider.com\/pt\/wp-json\/wp\/v2\/media\/1767"}],"wp:attachment":[{"href":"https:\/\/www.kytider.com\/pt\/wp-json\/wp\/v2\/media?parent=1586"}],"wp:term":[{"taxonomy":"product_brand","embeddable":true,"href":"https:\/\/www.kytider.com\/pt\/wp-json\/wp\/v2\/product_brand?post=1586"},{"taxonomy":"product_cat","embeddable":true,"href":"https:\/\/www.kytider.com\/pt\/wp-json\/wp\/v2\/product_cat?post=1586"},{"taxonomy":"product_tag","embeddable":true,"href":"https:\/\/www.kytider.com\/pt\/wp-json\/wp\/v2\/product_tag?post=1586"}],"curies":[{"name":"wp","href":"https:\/\/api.w.org\/{rel}","templated":true}]}}