{"id":1587,"date":"2024-06-05T08:44:47","date_gmt":"2024-06-05T08:44:47","guid":{"rendered":"https:\/\/www.kytider.com\/?post_type=product&#038;p=1587"},"modified":"2024-06-19T03:03:41","modified_gmt":"2024-06-19T03:03:41","slug":"drilling-and-cementing-hose","status":"publish","type":"product","link":"https:\/\/www.kytider.com\/pt\/products\/drilling-and-cementing-hose\/","title":{"rendered":"Mangueira de perfura\u00e7\u00e3o e cimenta\u00e7\u00e3o"},"content":{"rendered":"<p>Faixa de temperatura: Temperatura ambiente -20\u2103~+121\u2103.<\/p>\n<p>Estrutura: Tubo (revestimento): Principalmente borracha sint\u00e9tica, com resist\u00eancia a \u00f3leo, resist\u00eancia \u00e0 abras\u00e3o, resist\u00eancia a \u00e1cidos e \u00e1lcalis. Refor\u00e7o: 2-8 camadas de espiral de fio de a\u00e7o de alta resist\u00eancia. Cobertura: com resist\u00eancia a \u00f3leo, baixa temperatura, \u00e0 prova de intemp\u00e9ries e antienvelhecimento.<\/p>\n<p>Tipo de acoplamento: LP e TBG de API Spec 5B. Flange ou clipe de API Spec 6A. Uni\u00e3o integral ou uni\u00e3o de martelo soldada. Tipo especial pode estar dispon\u00edvel mediante solicita\u00e7\u00e3o do cliente.<\/p>\n<p>Padr\u00e3o: API Spec 7K\u3001API Spec 16C \u3001API Spec 16D<\/p>","protected":false},"excerpt":{"rendered":"<p>Comumente usada em servi\u00e7os de perfura\u00e7\u00e3o, cimenta\u00e7\u00e3o e workover como conex\u00e3o flex\u00edvel para o coletor de lama, coletor de cimento e coletor choke kill para transportar lama \u00e0 base de \u00e1gua, lama \u00e0 base de \u00f3leo e fluido de lavagem sob alta press\u00e3o em grandes volumes e tubula\u00e7\u00e3o de controle hidr\u00e1ulico para o equipamento de controle do BOP.<\/p>","protected":false},"featured_media":1862,"template":"","meta":[],"product_brand":[],"product_cat":[27],"product_tag":[],"class_list":{"0":"post-1587","1":"product","2":"type-product","3":"status-publish","4":"has-post-thumbnail","6":"product_cat-well-control-equipment","8":"first","9":"instock","10":"shipping-taxable","11":"product-type-simple"},"_links":{"self":[{"href":"https:\/\/www.kytider.com\/pt\/wp-json\/wp\/v2\/product\/1587","targetHints":{"allow":["GET"]}}],"collection":[{"href":"https:\/\/www.kytider.com\/pt\/wp-json\/wp\/v2\/product"}],"about":[{"href":"https:\/\/www.kytider.com\/pt\/wp-json\/wp\/v2\/types\/product"}],"wp:featuredmedia":[{"embeddable":true,"href":"https:\/\/www.kytider.com\/pt\/wp-json\/wp\/v2\/media\/1862"}],"wp:attachment":[{"href":"https:\/\/www.kytider.com\/pt\/wp-json\/wp\/v2\/media?parent=1587"}],"wp:term":[{"taxonomy":"product_brand","embeddable":true,"href":"https:\/\/www.kytider.com\/pt\/wp-json\/wp\/v2\/product_brand?post=1587"},{"taxonomy":"product_cat","embeddable":true,"href":"https:\/\/www.kytider.com\/pt\/wp-json\/wp\/v2\/product_cat?post=1587"},{"taxonomy":"product_tag","embeddable":true,"href":"https:\/\/www.kytider.com\/pt\/wp-json\/wp\/v2\/product_tag?post=1587"}],"curies":[{"name":"wp","href":"https:\/\/api.w.org\/{rel}","templated":true}]}}