{"id":1589,"date":"2024-06-05T08:51:27","date_gmt":"2024-06-05T08:51:27","guid":{"rendered":"https:\/\/www.kytider.com\/?post_type=product&#038;p=1589"},"modified":"2024-06-19T02:58:56","modified_gmt":"2024-06-19T02:58:56","slug":"choke-kill-manifold","status":"publish","type":"product","link":"https:\/\/www.kytider.com\/pt\/products\/choke-kill-manifold\/","title":{"rendered":"Coletor de estrangulamento e matar"},"content":{"rendered":"<p>O coletor consiste em v\u00e1lvulas de estrangulamento, v\u00e1lvulas de gaveta, tubula\u00e7\u00f5es, conex\u00f5es, man\u00f4metros e outros componentes. A Kytider fornece v\u00e1rios coletores de estrangulamento de 21\/16\u201d a 41\/16\u201d, com uma press\u00e3o de trabalho de 2.000 PSI a 20.000 PSI conforme API SPEC 16C \/6A.<\/p>","protected":false},"excerpt":{"rendered":"<p>O coletor de estrangulamento \u00e9 adotado para executar a nova t\u00e9cnica de perfura\u00e7\u00e3o de po\u00e7os com press\u00e3o balanceada. O coletor de estrangulamento pode evitar a polui\u00e7\u00e3o da camada petrol\u00edfera, melhorar a velocidade da perfura\u00e7\u00e3o e controlar efetivamente os blowouts. O coletor de matar \u00e9 utilizado principalmente para matar o po\u00e7o, prevenir inc\u00eandios e auxiliar na extin\u00e7\u00e3o do fogo.<\/p>","protected":false},"featured_media":1857,"template":"","meta":[],"product_brand":[],"product_cat":[27],"product_tag":[],"class_list":{"0":"post-1589","1":"product","2":"type-product","3":"status-publish","4":"has-post-thumbnail","6":"product_cat-well-control-equipment","8":"first","9":"instock","10":"shipping-taxable","11":"product-type-simple"},"_links":{"self":[{"href":"https:\/\/www.kytider.com\/pt\/wp-json\/wp\/v2\/product\/1589","targetHints":{"allow":["GET"]}}],"collection":[{"href":"https:\/\/www.kytider.com\/pt\/wp-json\/wp\/v2\/product"}],"about":[{"href":"https:\/\/www.kytider.com\/pt\/wp-json\/wp\/v2\/types\/product"}],"wp:featuredmedia":[{"embeddable":true,"href":"https:\/\/www.kytider.com\/pt\/wp-json\/wp\/v2\/media\/1857"}],"wp:attachment":[{"href":"https:\/\/www.kytider.com\/pt\/wp-json\/wp\/v2\/media?parent=1589"}],"wp:term":[{"taxonomy":"product_brand","embeddable":true,"href":"https:\/\/www.kytider.com\/pt\/wp-json\/wp\/v2\/product_brand?post=1589"},{"taxonomy":"product_cat","embeddable":true,"href":"https:\/\/www.kytider.com\/pt\/wp-json\/wp\/v2\/product_cat?post=1589"},{"taxonomy":"product_tag","embeddable":true,"href":"https:\/\/www.kytider.com\/pt\/wp-json\/wp\/v2\/product_tag?post=1589"}],"curies":[{"name":"wp","href":"https:\/\/api.w.org\/{rel}","templated":true}]}}