{"id":1622,"date":"2024-06-06T00:35:06","date_gmt":"2024-06-06T00:35:06","guid":{"rendered":"https:\/\/www.kytider.com\/?post_type=product&#038;p=1622"},"modified":"2024-06-19T02:49:09","modified_gmt":"2024-06-19T02:49:09","slug":"bopblowout-preventer","status":"publish","type":"product","link":"https:\/\/www.kytider.com\/pt\/products\/bopblowout-preventer\/","title":{"rendered":"Preventor de erup\u00e7\u00e3o (BOP)"},"content":{"rendered":"<p>\u27a3 BOP de Pist\u00e3o Duplo em Forma de U<\/p>\n<p>\u27a3 As partes que cont\u00eam press\u00e3o s\u00e3o forjadas, proporcionando excelente resist\u00eancia e ductilidade ao impacto.<\/p>\n<p>\u27a3\u00a0As \u00e1reas expostas a fluidos s\u00e3o soldadas com uma liga de alto teor de n\u00edquel para servi\u00e7o em ambientes agressivos.<\/p>\n<p>\u27a3\u00a0As partes que cont\u00eam press\u00e3o s\u00e3o forjadas a partir de a\u00e7o liga premium, proporcionando excelente resist\u00eancia e ductilidade ao impacto.<\/p>\n<p>\u27a3\u00a0As veda\u00e7\u00f5es s\u00e3o intercambi\u00e1veis com o BOP do mesmo modelo no exterior.<\/p>","protected":false},"excerpt":{"rendered":"<p>O BOP com controle hidr\u00e1ulico \u00e9 uma parte chave do equipamento de controle de po\u00e7o. \u00c9 usado para controlar a press\u00e3o na cabe\u00e7a do po\u00e7o durante a perfura\u00e7\u00e3o, manuten\u00e7\u00e3o e testes, prevenindo efetivamente o blowout do po\u00e7o e garantindo uma constru\u00e7\u00e3o segura. O BOP \u00e9 projetado e fabricado de acordo com API 16A.<\/p>","protected":false},"featured_media":1846,"template":"","meta":[],"product_brand":[],"product_cat":[27],"product_tag":[],"class_list":{"0":"post-1622","1":"product","2":"type-product","3":"status-publish","4":"has-post-thumbnail","6":"product_cat-well-control-equipment","8":"first","9":"instock","10":"shipping-taxable","11":"product-type-simple"},"_links":{"self":[{"href":"https:\/\/www.kytider.com\/pt\/wp-json\/wp\/v2\/product\/1622","targetHints":{"allow":["GET"]}}],"collection":[{"href":"https:\/\/www.kytider.com\/pt\/wp-json\/wp\/v2\/product"}],"about":[{"href":"https:\/\/www.kytider.com\/pt\/wp-json\/wp\/v2\/types\/product"}],"wp:featuredmedia":[{"embeddable":true,"href":"https:\/\/www.kytider.com\/pt\/wp-json\/wp\/v2\/media\/1846"}],"wp:attachment":[{"href":"https:\/\/www.kytider.com\/pt\/wp-json\/wp\/v2\/media?parent=1622"}],"wp:term":[{"taxonomy":"product_brand","embeddable":true,"href":"https:\/\/www.kytider.com\/pt\/wp-json\/wp\/v2\/product_brand?post=1622"},{"taxonomy":"product_cat","embeddable":true,"href":"https:\/\/www.kytider.com\/pt\/wp-json\/wp\/v2\/product_cat?post=1622"},{"taxonomy":"product_tag","embeddable":true,"href":"https:\/\/www.kytider.com\/pt\/wp-json\/wp\/v2\/product_tag?post=1622"}],"curies":[{"name":"wp","href":"https:\/\/api.w.org\/{rel}","templated":true}]}}