{"id":1624,"date":"2024-06-06T00:38:20","date_gmt":"2024-06-06T00:38:20","guid":{"rendered":"https:\/\/www.kytider.com\/?post_type=product&#038;p=1624"},"modified":"2024-06-18T14:52:07","modified_gmt":"2024-06-18T14:52:07","slug":"high-pressure-flowline","status":"publish","type":"product","link":"https:\/\/www.kytider.com\/pt\/products\/high-pressure-flowline\/","title":{"rendered":"High Pressure Flowline"},"content":{"rendered":"<p>Cada produto \u00e9 submetido a um rigoroso controle de qualidade e testes, atendendo aos padr\u00f5es internacionais, incluindo ASTM\/ASME. Cada produto possui um n\u00famero de rastreamento exclusivo para gerenciamento da qualidade ao longo do ciclo de vida. Kit de ferramentas e kit de reparo est\u00e3o dispon\u00edveis para cada produto, facilitando a manuten\u00e7\u00e3o. Al\u00e9m dos produtos padr\u00e3o, tamb\u00e9m podemos fornecer servi\u00e7os personalizados para atender \u00e0s diversas necessidades dos clientes.<\/p>","protected":false},"excerpt":{"rendered":"<p>Os produtos Flowline s\u00e3o adequados tanto para servi\u00e7os padr\u00e3o quanto para servi\u00e7os de baixa temperatura e de ambientes com g\u00e1s \u00e1cido, incluindo junta girat\u00f3ria, v\u00e1lvula de plugue, junta curta integral, conex\u00e3o integral, v\u00e1lvula de seguran\u00e7a, v\u00e1lvula de reten\u00e7\u00e3o, v\u00e1lvula de estrangulamento, la\u00e7o de mangueira e giro do carretel. A press\u00e3o m\u00e1xima \u00e9 de at\u00e9 20.000 psi.<\/p>","protected":false},"featured_media":1809,"template":"","meta":[],"product_brand":[],"product_cat":[28],"product_tag":[],"class_list":{"0":"post-1624","1":"product","2":"type-product","3":"status-publish","4":"has-post-thumbnail","6":"product_cat-flowline-products","8":"first","9":"instock","10":"shipping-taxable","11":"product-type-simple"},"_links":{"self":[{"href":"https:\/\/www.kytider.com\/pt\/wp-json\/wp\/v2\/product\/1624","targetHints":{"allow":["GET"]}}],"collection":[{"href":"https:\/\/www.kytider.com\/pt\/wp-json\/wp\/v2\/product"}],"about":[{"href":"https:\/\/www.kytider.com\/pt\/wp-json\/wp\/v2\/types\/product"}],"wp:featuredmedia":[{"embeddable":true,"href":"https:\/\/www.kytider.com\/pt\/wp-json\/wp\/v2\/media\/1809"}],"wp:attachment":[{"href":"https:\/\/www.kytider.com\/pt\/wp-json\/wp\/v2\/media?parent=1624"}],"wp:term":[{"taxonomy":"product_brand","embeddable":true,"href":"https:\/\/www.kytider.com\/pt\/wp-json\/wp\/v2\/product_brand?post=1624"},{"taxonomy":"product_cat","embeddable":true,"href":"https:\/\/www.kytider.com\/pt\/wp-json\/wp\/v2\/product_cat?post=1624"},{"taxonomy":"product_tag","embeddable":true,"href":"https:\/\/www.kytider.com\/pt\/wp-json\/wp\/v2\/product_tag?post=1624"}],"curies":[{"name":"wp","href":"https:\/\/api.w.org\/{rel}","templated":true}]}}