{"id":1626,"date":"2024-06-06T00:41:56","date_gmt":"2024-06-06T00:41:56","guid":{"rendered":"https:\/\/www.kytider.com\/?post_type=product&#038;p=1626"},"modified":"2024-06-18T14:42:51","modified_gmt":"2024-06-18T14:42:51","slug":"drill-collar","status":"publish","type":"product","link":"https:\/\/www.kytider.com\/pt\/products\/drill-collar\/","title":{"rendered":"Colar de perfura\u00e7\u00e3o"},"content":{"rendered":"<p>\u27a3\u00a0First class equipment could guarantee the whole process flow and the clave process be more efficient like heat treating and friction welding.<\/p>\n<p>\u27a3\u00a0Meet the international requirement of the API 5DP, API 7G, &amp; ISO 9001;<\/p>\n<p>\u27a3\u00a0Advanced and strict inspection instruments could guarantee the high quality product with a more stable performance.<\/p>","protected":false},"excerpt":{"rendered":"<p>O colar de perfura\u00e7\u00e3o pode fornecer suporte \u00e0 broca e aumentar a rigidez da coluna de perfura\u00e7\u00e3o. Os colares de perfura\u00e7\u00e3o s\u00e3o fabricados estritamente de acordo com o padr\u00e3o API Spec 7-1 com material AISI 4145 Mod. Fornecemos colares de perfura\u00e7\u00e3o lisos, colares de perfura\u00e7\u00e3o espirais, etc. O tamanho dos colares de perfura\u00e7\u00e3o que podemos fornecer varia de 3 1\/8 a 11 polegadas. Tamb\u00e9m podemos fornecer outros colares de perfura\u00e7\u00e3o conforme solicita\u00e7\u00e3o espec\u00edfica dos clientes.<\/p>","protected":false},"featured_media":1805,"template":"","meta":[],"product_brand":[],"product_cat":[29],"product_tag":[],"class_list":{"0":"post-1626","1":"product","2":"type-product","3":"status-publish","4":"has-post-thumbnail","6":"product_cat-drilling-tools","8":"first","9":"instock","10":"shipping-taxable","11":"product-type-simple"},"_links":{"self":[{"href":"https:\/\/www.kytider.com\/pt\/wp-json\/wp\/v2\/product\/1626","targetHints":{"allow":["GET"]}}],"collection":[{"href":"https:\/\/www.kytider.com\/pt\/wp-json\/wp\/v2\/product"}],"about":[{"href":"https:\/\/www.kytider.com\/pt\/wp-json\/wp\/v2\/types\/product"}],"wp:featuredmedia":[{"embeddable":true,"href":"https:\/\/www.kytider.com\/pt\/wp-json\/wp\/v2\/media\/1805"}],"wp:attachment":[{"href":"https:\/\/www.kytider.com\/pt\/wp-json\/wp\/v2\/media?parent=1626"}],"wp:term":[{"taxonomy":"product_brand","embeddable":true,"href":"https:\/\/www.kytider.com\/pt\/wp-json\/wp\/v2\/product_brand?post=1626"},{"taxonomy":"product_cat","embeddable":true,"href":"https:\/\/www.kytider.com\/pt\/wp-json\/wp\/v2\/product_cat?post=1626"},{"taxonomy":"product_tag","embeddable":true,"href":"https:\/\/www.kytider.com\/pt\/wp-json\/wp\/v2\/product_tag?post=1626"}],"curies":[{"name":"wp","href":"https:\/\/api.w.org\/{rel}","templated":true}]}}