{"id":1642,"date":"2024-06-06T00:58:03","date_gmt":"2024-06-06T00:58:03","guid":{"rendered":"https:\/\/www.kytider.com\/?post_type=product&#038;p=1642"},"modified":"2024-06-18T14:36:25","modified_gmt":"2024-06-18T14:36:25","slug":"drill-pipe","status":"publish","type":"product","link":"https:\/\/www.kytider.com\/pt\/products\/drill-pipe\/","title":{"rendered":"Tubo de perfura\u00e7\u00e3o"},"content":{"rendered":"<p>\u27a3\u00a0Tubo verde de alta qualidade e processo avan\u00e7ado de tratamento t\u00e9rmico - Alta resist\u00eancia e alta tenacidade (especialmente em baixas temperaturas);<\/p>\n<p>\u27a3 Atende ou excede os requisitos das normas API 5DP, API 7G, API Q1 e ISO 9001;<\/p>\n<p>\u27a3 Equipado com instrumentos de inspe\u00e7\u00e3o avan\u00e7ados e um sistema de controle de qualidade rigorosamente aplicado, os produtos finais s\u00e3o garantidos para ter qualidade superior e est\u00e1vel;<\/p>\n<p>\u27a3\u00a0Devido aos nossos t\u00e9cnicos profissionais e \u00e0 flexibilidade do produto, somos capazes de atender a alguns requisitos especiais dos clientes.<\/p>","protected":false},"excerpt":{"rendered":"<p>Oferecemos uma linha completa de tubos de perfura\u00e7\u00e3o, incluindo uma gama completa de tubos com juntas em tamanhos nominais de 2-3\/8\u201d a 6-5\/8\u201d e uma ampla variedade de espessuras de parede. Nossos tubos de perfura\u00e7\u00e3o passam por um rigoroso regime de controle de qualidade desde a sele\u00e7\u00e3o inicial dos materiais at\u00e9 a inspe\u00e7\u00e3o final, garantindo que cada junta do tubo de perfura\u00e7\u00e3o atenda \u00e0s suas necessidades de durabilidade e desempenho.<\/p>","protected":false},"featured_media":1799,"template":"","meta":[],"product_brand":[],"product_cat":[29],"product_tag":[],"class_list":{"0":"post-1642","1":"product","2":"type-product","3":"status-publish","4":"has-post-thumbnail","6":"product_cat-drilling-tools","8":"first","9":"instock","10":"shipping-taxable","11":"product-type-simple"},"_links":{"self":[{"href":"https:\/\/www.kytider.com\/pt\/wp-json\/wp\/v2\/product\/1642","targetHints":{"allow":["GET"]}}],"collection":[{"href":"https:\/\/www.kytider.com\/pt\/wp-json\/wp\/v2\/product"}],"about":[{"href":"https:\/\/www.kytider.com\/pt\/wp-json\/wp\/v2\/types\/product"}],"wp:featuredmedia":[{"embeddable":true,"href":"https:\/\/www.kytider.com\/pt\/wp-json\/wp\/v2\/media\/1799"}],"wp:attachment":[{"href":"https:\/\/www.kytider.com\/pt\/wp-json\/wp\/v2\/media?parent=1642"}],"wp:term":[{"taxonomy":"product_brand","embeddable":true,"href":"https:\/\/www.kytider.com\/pt\/wp-json\/wp\/v2\/product_brand?post=1642"},{"taxonomy":"product_cat","embeddable":true,"href":"https:\/\/www.kytider.com\/pt\/wp-json\/wp\/v2\/product_cat?post=1642"},{"taxonomy":"product_tag","embeddable":true,"href":"https:\/\/www.kytider.com\/pt\/wp-json\/wp\/v2\/product_tag?post=1642"}],"curies":[{"name":"wp","href":"https:\/\/api.w.org\/{rel}","templated":true}]}}