{"id":1644,"date":"2024-06-06T01:04:15","date_gmt":"2024-06-06T01:04:15","guid":{"rendered":"https:\/\/www.kytider.com\/?post_type=product&#038;p=1644"},"modified":"2024-06-19T02:17:06","modified_gmt":"2024-06-19T02:17:06","slug":"sucker-rod","status":"publish","type":"product","link":"https:\/\/www.kytider.com\/pt\/products\/sucker-rod\/","title":{"rendered":"Haste de bombeio"},"content":{"rendered":"<p>\u27a3\u00a0A haste de bombeio \u00e9 projetada e fabricada de acordo com a API 11B.<\/p>\n<p>\u27a3 A haste de bombeio \u00e9 uma haste delgada em um po\u00e7o de bombeamento. Ela est\u00e1 conectada a uma haste lisa na parte superior e a uma bomba de bombeamento na parte inferior para transferir pot\u00eancia.<\/p>","protected":false},"excerpt":{"rendered":"<p>A haste de bombeio \u00e9 uma haste delgada em um po\u00e7o de bombeamento. Ela est\u00e1 conectada a uma haste lisa na parte superior e a uma bomba de bombeamento na parte inferior para transferir pot\u00eancia.<\/p>","protected":false},"featured_media":1830,"template":"","meta":[],"product_brand":[],"product_cat":[30],"product_tag":[],"class_list":{"0":"post-1644","1":"product","2":"type-product","3":"status-publish","4":"has-post-thumbnail","6":"product_cat-steel-pipe","8":"first","9":"instock","10":"shipping-taxable","11":"product-type-simple"},"_links":{"self":[{"href":"https:\/\/www.kytider.com\/pt\/wp-json\/wp\/v2\/product\/1644","targetHints":{"allow":["GET"]}}],"collection":[{"href":"https:\/\/www.kytider.com\/pt\/wp-json\/wp\/v2\/product"}],"about":[{"href":"https:\/\/www.kytider.com\/pt\/wp-json\/wp\/v2\/types\/product"}],"wp:featuredmedia":[{"embeddable":true,"href":"https:\/\/www.kytider.com\/pt\/wp-json\/wp\/v2\/media\/1830"}],"wp:attachment":[{"href":"https:\/\/www.kytider.com\/pt\/wp-json\/wp\/v2\/media?parent=1644"}],"wp:term":[{"taxonomy":"product_brand","embeddable":true,"href":"https:\/\/www.kytider.com\/pt\/wp-json\/wp\/v2\/product_brand?post=1644"},{"taxonomy":"product_cat","embeddable":true,"href":"https:\/\/www.kytider.com\/pt\/wp-json\/wp\/v2\/product_cat?post=1644"},{"taxonomy":"product_tag","embeddable":true,"href":"https:\/\/www.kytider.com\/pt\/wp-json\/wp\/v2\/product_tag?post=1644"}],"curies":[{"name":"wp","href":"https:\/\/api.w.org\/{rel}","templated":true}]}}