{"id":1646,"date":"2024-06-06T01:10:00","date_gmt":"2024-06-06T01:10:00","guid":{"rendered":"https:\/\/www.kytider.com\/?post_type=product&#038;p=1646"},"modified":"2024-06-19T02:10:06","modified_gmt":"2024-06-19T02:10:06","slug":"line-pipe","status":"publish","type":"product","link":"https:\/\/www.kytider.com\/pt\/products\/line-pipe\/","title":{"rendered":"Tubula\u00e7\u00e3o de linha"},"content":{"rendered":"<p>\u27a3\u00a0A tubula\u00e7\u00e3o de linha est\u00e1 em conformidade com o padr\u00e3o API 5L.<\/p>\n<p>\u27a3\u00a0Podemos fornecer todos os tipos de tubos utilizados nos seguintes campos: transporte de fluidos de petr\u00f3leo e g\u00e1s natural a m\u00e9dia e alta press\u00e3o; transporte de g\u00e1s de carv\u00e3o, vapor de aquecimento e \u00e1gua quente a baixa e m\u00e9dia press\u00e3o; arquitetura de engenharia, ind\u00fastria qu\u00edmica, engenharia energ\u00e9tica; servi\u00e7o em ambientes \u00e1cidos e marinhos.<\/p>\n<p>\u27a3 Pre\u00e7o competitivo e prazo de entrega.<b><\/b><\/p>","protected":false},"excerpt":{"rendered":"<p>A tubula\u00e7\u00e3o de linha \u00e9 usada para transferir o petr\u00f3leo, g\u00e1s ou \u00e1gua do solo para as empresas industriais de petr\u00f3leo e g\u00e1s atrav\u00e9s da tubula\u00e7\u00e3o de linha. A tubula\u00e7\u00e3o de linha inclui 2 tipos: tubula\u00e7\u00e3o sem costura e tubula\u00e7\u00e3o soldada.<\/p>","protected":false},"featured_media":1828,"template":"","meta":[],"product_brand":[],"product_cat":[30],"product_tag":[],"class_list":{"0":"post-1646","1":"product","2":"type-product","3":"status-publish","4":"has-post-thumbnail","6":"product_cat-steel-pipe","8":"first","9":"instock","10":"shipping-taxable","11":"product-type-simple"},"_links":{"self":[{"href":"https:\/\/www.kytider.com\/pt\/wp-json\/wp\/v2\/product\/1646","targetHints":{"allow":["GET"]}}],"collection":[{"href":"https:\/\/www.kytider.com\/pt\/wp-json\/wp\/v2\/product"}],"about":[{"href":"https:\/\/www.kytider.com\/pt\/wp-json\/wp\/v2\/types\/product"}],"wp:featuredmedia":[{"embeddable":true,"href":"https:\/\/www.kytider.com\/pt\/wp-json\/wp\/v2\/media\/1828"}],"wp:attachment":[{"href":"https:\/\/www.kytider.com\/pt\/wp-json\/wp\/v2\/media?parent=1646"}],"wp:term":[{"taxonomy":"product_brand","embeddable":true,"href":"https:\/\/www.kytider.com\/pt\/wp-json\/wp\/v2\/product_brand?post=1646"},{"taxonomy":"product_cat","embeddable":true,"href":"https:\/\/www.kytider.com\/pt\/wp-json\/wp\/v2\/product_cat?post=1646"},{"taxonomy":"product_tag","embeddable":true,"href":"https:\/\/www.kytider.com\/pt\/wp-json\/wp\/v2\/product_tag?post=1646"}],"curies":[{"name":"wp","href":"https:\/\/api.w.org\/{rel}","templated":true}]}}