{"id":1648,"date":"2024-06-06T01:13:16","date_gmt":"2024-06-06T01:13:16","guid":{"rendered":"https:\/\/www.kytider.com\/?post_type=product&#038;p=1648"},"modified":"2024-06-19T02:06:19","modified_gmt":"2024-06-19T02:06:19","slug":"tubingcasing","status":"publish","type":"product","link":"https:\/\/www.kytider.com\/pt\/products\/tubingcasing\/","title":{"rendered":"Tubula\u00e7\u00e3o e revestimento"},"content":{"rendered":"<p>\u27a3 O revestimento e a tubula\u00e7\u00e3o est\u00e3o em conformidade com os padr\u00f5es API 5CT e API 5B.<\/p>\n<p>\u27a3 De acordo com os requisitos especiais dos clientes, podemos fornecer produtos de pesquisa pr\u00f3pria e ser agentes de v\u00e1rios produtos altamente qualificados de tipo especial de rosca e materiais especiais, como a s\u00e9rie resistente \u00e0 corros\u00e3o por tens\u00e3o H2S, a s\u00e9rie resistente \u00e0 corros\u00e3o por CO2, a s\u00e9rie de alta colapsabilidade e a s\u00e9rie para po\u00e7os profundos e ultra-profundos.<\/p>\n<p>\u27a3 Pre\u00e7o competitivo e prazo de entrega.<\/p>","protected":false},"excerpt":{"rendered":"<p>Tubula\u00e7\u00e3o (Tubing): Tubo colocado em um po\u00e7o para produzir ou injetar fluidos.\nRevestimento (Casing): Tubo instalado desde a superf\u00edcie e destinado a revestir as paredes de um po\u00e7o perfurado.<\/p>","protected":false},"featured_media":1823,"template":"","meta":[],"product_brand":[],"product_cat":[30],"product_tag":[],"class_list":{"0":"post-1648","1":"product","2":"type-product","3":"status-publish","4":"has-post-thumbnail","6":"product_cat-steel-pipe","8":"first","9":"instock","10":"shipping-taxable","11":"product-type-simple"},"_links":{"self":[{"href":"https:\/\/www.kytider.com\/pt\/wp-json\/wp\/v2\/product\/1648","targetHints":{"allow":["GET"]}}],"collection":[{"href":"https:\/\/www.kytider.com\/pt\/wp-json\/wp\/v2\/product"}],"about":[{"href":"https:\/\/www.kytider.com\/pt\/wp-json\/wp\/v2\/types\/product"}],"wp:featuredmedia":[{"embeddable":true,"href":"https:\/\/www.kytider.com\/pt\/wp-json\/wp\/v2\/media\/1823"}],"wp:attachment":[{"href":"https:\/\/www.kytider.com\/pt\/wp-json\/wp\/v2\/media?parent=1648"}],"wp:term":[{"taxonomy":"product_brand","embeddable":true,"href":"https:\/\/www.kytider.com\/pt\/wp-json\/wp\/v2\/product_brand?post=1648"},{"taxonomy":"product_cat","embeddable":true,"href":"https:\/\/www.kytider.com\/pt\/wp-json\/wp\/v2\/product_cat?post=1648"},{"taxonomy":"product_tag","embeddable":true,"href":"https:\/\/www.kytider.com\/pt\/wp-json\/wp\/v2\/product_tag?post=1648"}],"curies":[{"name":"wp","href":"https:\/\/api.w.org\/{rel}","templated":true}]}}