{"id":1650,"date":"2024-06-06T01:16:06","date_gmt":"2024-06-06T01:16:06","guid":{"rendered":"https:\/\/www.kytider.com\/?post_type=product&#038;p=1650"},"modified":"2024-07-02T09:23:52","modified_gmt":"2024-07-02T09:23:52","slug":"test-instrument-for-drilling-cementing","status":"publish","type":"product","link":"https:\/\/www.kytider.com\/pt\/products\/test-instrument-for-drilling-cementing\/","title":{"rendered":"Instrumento de teste para perfura\u00e7\u00e3o e cimenta\u00e7\u00e3o"},"content":{"rendered":"<p>A empresa possui forte compet\u00eancia t\u00e9cnica, linhas de produ\u00e7\u00e3o de \u00faltima gera\u00e7\u00e3o, um sistema completo de P&amp;D e uma equipe profissional de atendimento p\u00f3s-venda. Nosso servi\u00e7o completo abrange: instala\u00e7\u00e3o e teste de instrumentos, treinamento operacional e manuten\u00e7\u00e3o de instrumentos, suporte t\u00e9cnico p\u00f3s-venda e servi\u00e7o de suporte para produtos da mesma ind\u00fastria. Somos mais conhecidos na ind\u00fastria petrol\u00edfera como pioneiros no desenvolvimento e fabrica\u00e7\u00e3o de equipamentos para testes de cimento em campos petrol\u00edferos. Al\u00e9m disso, muitos outros instrumentos laboratoriais s\u00e3o fabricados em nossa f\u00e1brica. Outros tipos de instrumenta\u00e7\u00e3o laboratorial para campos petrol\u00edferos projetados e fabricados em nossas instala\u00e7\u00f5es incluem misturadores, re\u00f4metros, c\u00e9lulas de perda de fluido, testadores de corros\u00e3o e testadores de resist\u00eancia \u00e0 compress\u00e3o.<\/p>","protected":false},"excerpt":{"rendered":"<p>Os instrumentos de teste para campos petrol\u00edferos s\u00e3o um portf\u00f3lio completo de instrumentos especificados pela API e ISO para testar as propriedades chave de desempenho dos cimentos para po\u00e7os de petr\u00f3leo.<\/p>","protected":false},"featured_media":1835,"template":"","meta":[],"product_brand":[],"product_cat":[31],"product_tag":[],"class_list":{"0":"post-1650","1":"product","2":"type-product","3":"status-publish","4":"has-post-thumbnail","6":"product_cat-oilfield-test-instrument","8":"first","9":"instock","10":"shipping-taxable","11":"product-type-simple"},"_links":{"self":[{"href":"https:\/\/www.kytider.com\/pt\/wp-json\/wp\/v2\/product\/1650","targetHints":{"allow":["GET"]}}],"collection":[{"href":"https:\/\/www.kytider.com\/pt\/wp-json\/wp\/v2\/product"}],"about":[{"href":"https:\/\/www.kytider.com\/pt\/wp-json\/wp\/v2\/types\/product"}],"wp:featuredmedia":[{"embeddable":true,"href":"https:\/\/www.kytider.com\/pt\/wp-json\/wp\/v2\/media\/1835"}],"wp:attachment":[{"href":"https:\/\/www.kytider.com\/pt\/wp-json\/wp\/v2\/media?parent=1650"}],"wp:term":[{"taxonomy":"product_brand","embeddable":true,"href":"https:\/\/www.kytider.com\/pt\/wp-json\/wp\/v2\/product_brand?post=1650"},{"taxonomy":"product_cat","embeddable":true,"href":"https:\/\/www.kytider.com\/pt\/wp-json\/wp\/v2\/product_cat?post=1650"},{"taxonomy":"product_tag","embeddable":true,"href":"https:\/\/www.kytider.com\/pt\/wp-json\/wp\/v2\/product_tag?post=1650"}],"curies":[{"name":"wp","href":"https:\/\/api.w.org\/{rel}","templated":true}]}}