{"id":1652,"date":"2024-06-06T01:18:32","date_gmt":"2024-06-06T01:18:32","guid":{"rendered":"https:\/\/www.kytider.com\/?post_type=product&#038;p=1652"},"modified":"2024-07-02T09:25:22","modified_gmt":"2024-07-02T09:25:22","slug":"oilfield-chemical-additives","status":"publish","type":"product","link":"https:\/\/www.kytider.com\/pt\/products\/oilfield-chemical-additives\/","title":{"rendered":"Aditivos qu\u00edmicos para campos petrol\u00edferos"},"content":{"rendered":"<p>A f\u00e1brica est\u00e1 equipada com equipamentos experimentais completos e melhora as propriedades do produto para atender \u00e0s necessidades de aplica\u00e7\u00e3o de cimenta\u00e7\u00e3o e trabalho de diferentes clientes, tais como capacidade de resist\u00eancia \u00e0 temperatura, anti-sal, suspens\u00e3o, \u00e1gua aplic\u00e1vel e anticongelante.<\/p>","protected":false},"excerpt":{"rendered":"<p>Os produtos qu\u00edmicos para campos petrol\u00edferos referem-se aos produtos qu\u00edmicos usados nos processos de perfura\u00e7\u00e3o, completa\u00e7\u00e3o, recupera\u00e7\u00e3o de petr\u00f3leo, inje\u00e7\u00e3o de \u00e1gua e recupera\u00e7\u00e3o melhorada de petr\u00f3leo. Existem muitos tipos de produtos qu\u00edmicos para campos petrol\u00edferos e muitos m\u00e9todos de classifica\u00e7\u00e3o. De acordo com o padr\u00e3o de c\u00f3digo para produtos qu\u00edmicos usados em campos de petr\u00f3leo e g\u00e1s natural, os produtos qu\u00edmicos para campos petrol\u00edferos podem ser divididos em quatro categorias: produtos qu\u00edmicos b\u00e1sicos, produtos qu\u00edmicos para perfura\u00e7\u00e3o, produtos qu\u00edmicos para cimenta\u00e7\u00e3o, produtos qu\u00edmicos para fraturamento e acidifica\u00e7\u00e3o, entre outros.<\/p>","protected":false},"featured_media":1813,"template":"","meta":[],"product_brand":[],"product_cat":[32],"product_tag":[],"class_list":{"0":"post-1652","1":"product","2":"type-product","3":"status-publish","4":"has-post-thumbnail","6":"product_cat-oilfield-chemical-additives","8":"first","9":"instock","10":"shipping-taxable","11":"product-type-simple"},"_links":{"self":[{"href":"https:\/\/www.kytider.com\/pt\/wp-json\/wp\/v2\/product\/1652","targetHints":{"allow":["GET"]}}],"collection":[{"href":"https:\/\/www.kytider.com\/pt\/wp-json\/wp\/v2\/product"}],"about":[{"href":"https:\/\/www.kytider.com\/pt\/wp-json\/wp\/v2\/types\/product"}],"wp:featuredmedia":[{"embeddable":true,"href":"https:\/\/www.kytider.com\/pt\/wp-json\/wp\/v2\/media\/1813"}],"wp:attachment":[{"href":"https:\/\/www.kytider.com\/pt\/wp-json\/wp\/v2\/media?parent=1652"}],"wp:term":[{"taxonomy":"product_brand","embeddable":true,"href":"https:\/\/www.kytider.com\/pt\/wp-json\/wp\/v2\/product_brand?post=1652"},{"taxonomy":"product_cat","embeddable":true,"href":"https:\/\/www.kytider.com\/pt\/wp-json\/wp\/v2\/product_cat?post=1652"},{"taxonomy":"product_tag","embeddable":true,"href":"https:\/\/www.kytider.com\/pt\/wp-json\/wp\/v2\/product_tag?post=1652"}],"curies":[{"name":"wp","href":"https:\/\/api.w.org\/{rel}","templated":true}]}}