{"id":2093,"date":"2024-08-05T13:40:03","date_gmt":"2024-08-05T13:40:03","guid":{"rendered":"https:\/\/www.kytider.com\/?post_type=product&#038;p=2093"},"modified":"2025-06-11T06:16:38","modified_gmt":"2025-06-11T06:16:38","slug":"frac-valve-1","status":"publish","type":"product","link":"https:\/\/www.kytider.com\/pt\/products\/frac-valve-1\/","title":{"rendered":"V\u00e1lvula de fraturamento"},"content":{"rendered":"<p>Melhore a lucratividade<\/p>\n<p>A nova v\u00e1lvula elimina a necessidade de lubrificar durante a fratura.<\/p>\n<p>O design da cavidade do corpo menor reduz a graxa operacional na v\u00e1lvula.<\/p>\n<p>Elimine a necessidade de unidades de lubrifica\u00e7\u00e3o, coletores e mangueiras caras no local.<\/p>\n<p>Elimine os t\u00e9cnicos de servi\u00e7o no local necess\u00e1rios para lubrificar as v\u00e1lvulas tradicionais.<\/p>","protected":false},"excerpt":{"rendered":"<p>A v\u00e1lvula de fraturamento foi projetada para aplica\u00e7\u00f5es de fraturamento de alta press\u00e3o e grande di\u00e2metro. A nova caracter\u00edstica \"sem graxa\" permite opera\u00e7\u00f5es de fraturamento sem graxa, eliminando a intrus\u00e3o de areia e part\u00edculas. O novo design reduz as repara\u00e7\u00f5es, elimina o tempo n\u00e3o produtivo (NPT) e prolonga a vida \u00fatil da sua v\u00e1lvula.<\/p>","protected":false},"featured_media":2101,"template":"","meta":[],"product_brand":[],"product_cat":[26],"product_tag":[],"class_list":{"0":"post-2093","1":"product","2":"type-product","3":"status-publish","4":"has-post-thumbnail","6":"product_cat-wellhead-equipment","8":"first","9":"instock","10":"shipping-taxable","11":"product-type-simple"},"_links":{"self":[{"href":"https:\/\/www.kytider.com\/pt\/wp-json\/wp\/v2\/product\/2093","targetHints":{"allow":["GET"]}}],"collection":[{"href":"https:\/\/www.kytider.com\/pt\/wp-json\/wp\/v2\/product"}],"about":[{"href":"https:\/\/www.kytider.com\/pt\/wp-json\/wp\/v2\/types\/product"}],"wp:featuredmedia":[{"embeddable":true,"href":"https:\/\/www.kytider.com\/pt\/wp-json\/wp\/v2\/media\/2101"}],"wp:attachment":[{"href":"https:\/\/www.kytider.com\/pt\/wp-json\/wp\/v2\/media?parent=2093"}],"wp:term":[{"taxonomy":"product_brand","embeddable":true,"href":"https:\/\/www.kytider.com\/pt\/wp-json\/wp\/v2\/product_brand?post=2093"},{"taxonomy":"product_cat","embeddable":true,"href":"https:\/\/www.kytider.com\/pt\/wp-json\/wp\/v2\/product_cat?post=2093"},{"taxonomy":"product_tag","embeddable":true,"href":"https:\/\/www.kytider.com\/pt\/wp-json\/wp\/v2\/product_tag?post=2093"}],"curies":[{"name":"wp","href":"https:\/\/api.w.org\/{rel}","templated":true}]}}